{"id":3500,"date":"2025-05-09T06:52:04","date_gmt":"2025-05-09T06:52:04","guid":{"rendered":"https:\/\/www.lovinghomecollection.com\/?post_type=product&#038;p=3500"},"modified":"2025-05-09T06:52:05","modified_gmt":"2025-05-09T06:52:05","slug":"wholesale-china-dinnerware-sets","status":"publish","type":"product","link":"https:\/\/www.lovinghomecollection.com\/de\/produkt\/wholesale-china-dinnerware-sets\/","title":{"rendered":"Gro\u00dfhandel China Essgeschirr Sets, Kaktus Thema Geschirr Bulk"},"content":{"rendered":"<div class=\"wp-block-columns is-layout-flex wp-container-core-columns-is-layout-9d6595d7 wp-block-columns-is-layout-flex\">\n<div class=\"wp-block-column is-layout-flow wp-block-column-is-layout-flow\" style=\"flex-basis:60%\">\n<h2 class=\"wp-block-heading\">Premium Gro\u00dfhandel China Geschirr Sets Eigenschaften:<\/h2>\n\n\n\n<ul class=\"wp-block-list\">\n<li><strong>Einzigartiges Design zum Thema Kaktus:<\/strong> Diese Porzellangeschirr-Sets kombinieren nat\u00fcrlichen Stil mit moderner \u00c4sthetik, frisch und gr\u00fcn, um den Tisch zu dekorieren, geeignet f\u00fcr t\u00e4gliche Mahlzeiten und Feiertage Versammlungen.<\/li>\n\n\n\n<li><strong>Vollst\u00e4ndiger Satz von mehreren Kategorien: <\/strong>Unsere Geschirrsets in loser Sch\u00fcttung umfassen Geschirr, Tassen, Kerzengl\u00e4ser, Vasen und andere Kombinationen, mit denen sich leicht ein einheitlicher Tischstil schaffen l\u00e4sst.<\/li>\n\n\n\n<li><strong>Vielf\u00e4ltige Stilauswahl: <\/strong>Unser Kaktus-Thema Gro\u00dfhandel Porzellan Geschirr-Sets sind in einer Vielzahl von Gr\u00f6\u00dfen, Formen und Design-Stilen zur Verf\u00fcgung, um die pers\u00f6nlichen Bed\u00fcrfnisse der verschiedenen Benutzer zu erf\u00fcllen.<\/li>\n\n\n\n<li><strong>Geeignet f\u00fcr Gro\u00dfhandel und Personalisierung: <\/strong>Unsere Porzellan-Geschirrsets mit Kaktusthema im Gro\u00dfhandel unterst\u00fctzen Gro\u00dfbestellungen sowie Muster- und Farbanpassungen und helfen Marken, einzigartige Produktlinien zu schaffen.<\/li>\n<\/ul>\n<\/div>\n\n\n\n<div class=\"wp-block-column is-layout-flow wp-block-column-is-layout-flow\">\n<figure class=\"wp-block-image size-full\"><img decoding=\"async\" width=\"1200\" height=\"1200\" src=\"https:\/\/www.lovinghomecollection.com\/wp-content\/uploads\/2025\/05\/Wholesale-China-Dinnerware-Sets-Cactus-Themed-Tableware-8.webp\" alt=\"Gro\u00dfhandel China Geschirr Sets, Kaktus Thema Geschirr-8\" class=\"wp-image-3759\" srcset=\"https:\/\/www.lovinghomecollection.com\/wp-content\/uploads\/2025\/05\/Wholesale-China-Dinnerware-Sets-Cactus-Themed-Tableware-8.webp 1200w, https:\/\/www.lovinghomecollection.com\/wp-content\/uploads\/2025\/05\/Wholesale-China-Dinnerware-Sets-Cactus-Themed-Tableware-8-300x300.webp 300w, https:\/\/www.lovinghomecollection.com\/wp-content\/uploads\/2025\/05\/Wholesale-China-Dinnerware-Sets-Cactus-Themed-Tableware-8-150x150.webp 150w, https:\/\/www.lovinghomecollection.com\/wp-content\/uploads\/2025\/05\/Wholesale-China-Dinnerware-Sets-Cactus-Themed-Tableware-8-768x768.webp 768w, https:\/\/www.lovinghomecollection.com\/wp-content\/uploads\/2025\/05\/Wholesale-China-Dinnerware-Sets-Cactus-Themed-Tableware-8-12x12.webp 12w, https:\/\/www.lovinghomecollection.com\/wp-content\/uploads\/2025\/05\/Wholesale-China-Dinnerware-Sets-Cactus-Themed-Tableware-8-600x600.webp 600w, https:\/\/www.lovinghomecollection.com\/wp-content\/uploads\/2025\/05\/Wholesale-China-Dinnerware-Sets-Cactus-Themed-Tableware-8-100x100.webp 100w\" sizes=\"(max-width: 1200px) 100vw, 1200px\" \/><\/figure>\n<\/div>\n<\/div>\n\n\n\n<h2 class=\"wp-block-heading has-text-align-center\">Produktanzeige von Cactus Oasis Gro\u00dfhandel China Geschirr Sets<\/h2>\n\n\n\n<div class=\"wp-block-columns is-layout-flex wp-container-core-columns-is-layout-9d6595d7 wp-block-columns-is-layout-flex\">\n<div class=\"wp-block-column is-layout-flow wp-block-column-is-layout-flow\">\n<figure class=\"wp-block-image size-full\"><img decoding=\"async\" width=\"2383\" height=\"3255\" src=\"https:\/\/www.lovinghomecollection.com\/wp-content\/uploads\/2025\/05\/Wholesale-China-Dinnerware-Sets-Cactus-Themed-Tableware-13.webp\" alt=\"Gro\u00dfhandel China Geschirr Sets, Kaktus Thema Geschirr-13\" class=\"wp-image-3764\" srcset=\"https:\/\/www.lovinghomecollection.com\/wp-content\/uploads\/2025\/05\/Wholesale-China-Dinnerware-Sets-Cactus-Themed-Tableware-13.webp 2383w, https:\/\/www.lovinghomecollection.com\/wp-content\/uploads\/2025\/05\/Wholesale-China-Dinnerware-Sets-Cactus-Themed-Tableware-13-220x300.webp 220w, https:\/\/www.lovinghomecollection.com\/wp-content\/uploads\/2025\/05\/Wholesale-China-Dinnerware-Sets-Cactus-Themed-Tableware-13-768x1049.webp 768w, https:\/\/www.lovinghomecollection.com\/wp-content\/uploads\/2025\/05\/Wholesale-China-Dinnerware-Sets-Cactus-Themed-Tableware-13-9x12.webp 9w, https:\/\/www.lovinghomecollection.com\/wp-content\/uploads\/2025\/05\/Wholesale-China-Dinnerware-Sets-Cactus-Themed-Tableware-13-1200x1639.webp 1200w, https:\/\/www.lovinghomecollection.com\/wp-content\/uploads\/2025\/05\/Wholesale-China-Dinnerware-Sets-Cactus-Themed-Tableware-13-600x820.webp 600w\" sizes=\"(max-width: 2383px) 100vw, 2383px\" \/><\/figure>\n<\/div>\n\n\n\n<div class=\"wp-block-column is-layout-flow wp-block-column-is-layout-flow\">\n<figure class=\"wp-block-image size-full\"><img decoding=\"async\" width=\"2383\" height=\"3327\" src=\"https:\/\/www.lovinghomecollection.com\/wp-content\/uploads\/2025\/05\/Wholesale-China-Dinnerware-Sets-Cactus-Themed-Tableware-12.webp\" alt=\"Gro\u00dfhandel China Geschirr Sets, Kaktus Thema Geschirr-12\" class=\"wp-image-3763\" srcset=\"https:\/\/www.lovinghomecollection.com\/wp-content\/uploads\/2025\/05\/Wholesale-China-Dinnerware-Sets-Cactus-Themed-Tableware-12.webp 2383w, https:\/\/www.lovinghomecollection.com\/wp-content\/uploads\/2025\/05\/Wholesale-China-Dinnerware-Sets-Cactus-Themed-Tableware-12-215x300.webp 215w, https:\/\/www.lovinghomecollection.com\/wp-content\/uploads\/2025\/05\/Wholesale-China-Dinnerware-Sets-Cactus-Themed-Tableware-12-768x1072.webp 768w, https:\/\/www.lovinghomecollection.com\/wp-content\/uploads\/2025\/05\/Wholesale-China-Dinnerware-Sets-Cactus-Themed-Tableware-12-9x12.webp 9w, https:\/\/www.lovinghomecollection.com\/wp-content\/uploads\/2025\/05\/Wholesale-China-Dinnerware-Sets-Cactus-Themed-Tableware-12-1200x1675.webp 1200w, https:\/\/www.lovinghomecollection.com\/wp-content\/uploads\/2025\/05\/Wholesale-China-Dinnerware-Sets-Cactus-Themed-Tableware-12-600x838.webp 600w\" sizes=\"(max-width: 2383px) 100vw, 2383px\" \/><\/figure>\n<\/div>\n<\/div>\n\n\n\n<p><\/p>","protected":false},"excerpt":{"rendered":"<p>Willkommen zum Kauf von Geschirrsets in gro\u00dfen Mengen. Dieses Kaktus-Thema Gro\u00dfhandel Porzellan Geschirr-Sets perfekt kombiniert nat\u00fcrliche Elemente mit praktischen Funktionen, f\u00fcr Geschirr, Getr\u00e4nke, dekorative Kerze Gl\u00e4ser und Vasen, mit einer Vielzahl von Designs, ist es eine ideale Wahl f\u00fcr den t\u00e4glichen Gebrauch zu Hause, Caf\u00e9s und Marke Einzelhandel.<\/p>\n<table style=\"border-collapse: collapse; width: 338.02pt;\" border=\"0\" width=\"338\" cellspacing=\"0\" cellpadding=\"0\">\n<tbody>\n<tr style=\"height: 18.00pt;\">\n<td class=\"et3\" style=\"height: 18.00pt; width: 124.50pt;\" width=\"124\" height=\"18\">Hersteller<\/td>\n<td class=\"et3\" style=\"width: 214.40pt;\" width=\"214\">Liebevolles Zuhause<\/td>\n<\/tr>\n<tr style=\"height: 18.00pt;\">\n<td class=\"et3\" style=\"height: 18.00pt; width: 124.50pt;\" width=\"124\" height=\"18\">Sammlung Name<\/td>\n<td class=\"et3\" style=\"width: 214.40pt;\" width=\"214\">Kaktus-Oase<\/td>\n<\/tr>\n<tr style=\"height: 18.00pt;\">\n<td class=\"et3\" style=\"height: 18.00pt; width: 124.50pt;\" width=\"124\" height=\"18\">Produkttyp<\/td>\n<td class=\"et4\" style=\"width: 214.40pt;\" width=\"214\">Keramikteller, Sch\u00fcssel, Tasse &amp; Untertasse, Becher, Teekanne, Kerzenst\u00e4nder, Vase<\/td>\n<\/tr>\n<tr style=\"height: 18.00pt;\">\n<td class=\"et3\" style=\"height: 18.00pt; width: 124.50pt;\" width=\"124\" height=\"18\">Material<\/td>\n<td class=\"et3\" style=\"width: 214.40pt;\" width=\"214\">Dauerhaftes Porzellan<\/td>\n<\/tr>\n<tr style=\"height: 18.00pt;\">\n<td class=\"et3\" style=\"height: 18.00pt; width: 124.50pt;\" width=\"124\" height=\"18\">Dimension<\/td>\n<td class=\"et3\" style=\"width: 214.40pt;\" width=\"214\">Wie Detailbild<\/td>\n<\/tr>\n<tr style=\"height: 18.00pt;\">\n<td class=\"et3\" style=\"height: 18.00pt; width: 124.50pt;\" width=\"124\" height=\"18\">Verkaufende Einheiten<\/td>\n<td class=\"et3\" style=\"width: 214.40pt;\" width=\"214\">Einzelnes Element<\/td>\n<\/tr>\n<tr style=\"height: 18.00pt;\">\n<td class=\"et3\" style=\"height: 18.00pt; width: 124.50pt;\" width=\"124\" height=\"18\">MOQ<\/td>\n<td class=\"et3\" style=\"width: 214.40pt;\" width=\"214\">1200\/St\u00fcck pro Artikel<\/td>\n<\/tr>\n<tr style=\"height: 18.00pt;\">\n<td class=\"et3\" style=\"height: 18.00pt; width: 124.50pt;\" width=\"124\" height=\"18\">Kundenspezifische Option<\/td>\n<td class=\"et3\" style=\"width: 214.40pt;\" width=\"214\">Farbe\/Gr\u00f6\u00dfe\/Glasur\/Logo\/Verpackung<\/td>\n<\/tr>\n<\/tbody>\n<\/table>","protected":false},"featured_media":3753,"comment_status":"closed","ping_status":"closed","template":"","meta":{"_acf_changed":false},"product_brand":[],"product_cat":[19],"product_tag":[25,41,27,26],"class_list":{"0":"post-3500","1":"product","2":"type-product","3":"status-publish","4":"has-post-thumbnail","6":"product_cat-dinnerware-wholesale","7":"product_tag-wholesale-plates-and-bowls","8":"product_tag-salt-and-pepper-shakers-bulk","9":"product_tag-wholesale-tea-cups-and-saucers","10":"product_tag-wholesale-teapots","12":"first","13":"instock","14":"shipping-taxable","15":"product-type-simple"},"acf":[],"_links":{"self":[{"href":"https:\/\/www.lovinghomecollection.com\/de\/wp-json\/wp\/v2\/product\/3500","targetHints":{"allow":["GET"]}}],"collection":[{"href":"https:\/\/www.lovinghomecollection.com\/de\/wp-json\/wp\/v2\/product"}],"about":[{"href":"https:\/\/www.lovinghomecollection.com\/de\/wp-json\/wp\/v2\/types\/product"}],"replies":[{"embeddable":true,"href":"https:\/\/www.lovinghomecollection.com\/de\/wp-json\/wp\/v2\/comments?post=3500"}],"wp:featuredmedia":[{"embeddable":true,"href":"https:\/\/www.lovinghomecollection.com\/de\/wp-json\/wp\/v2\/media\/3753"}],"wp:attachment":[{"href":"https:\/\/www.lovinghomecollection.com\/de\/wp-json\/wp\/v2\/media?parent=3500"}],"wp:term":[{"taxonomy":"product_brand","embeddable":true,"href":"https:\/\/www.lovinghomecollection.com\/de\/wp-json\/wp\/v2\/product_brand?post=3500"},{"taxonomy":"product_cat","embeddable":true,"href":"https:\/\/www.lovinghomecollection.com\/de\/wp-json\/wp\/v2\/product_cat?post=3500"},{"taxonomy":"product_tag","embeddable":true,"href":"https:\/\/www.lovinghomecollection.com\/de\/wp-json\/wp\/v2\/product_tag?post=3500"}],"curies":[{"name":"wp","href":"https:\/\/api.w.org\/{rel}","templated":true}]}}