{"id":2134,"date":"2024-12-09T07:10:57","date_gmt":"2024-12-09T07:10:57","guid":{"rendered":"https:\/\/www.lovinghomecollection.com\/?post_type=product&#038;p=2134"},"modified":"2024-12-09T07:11:00","modified_gmt":"2024-12-09T07:11:00","slug":"bulk-china-dinnerware","status":"publish","type":"product","link":"https:\/\/www.lovinghomecollection.com\/de\/produkt\/bulk-china-dinnerware\/","title":{"rendered":"Lemon Shape Bulk China Geschirr, Gro\u00dfhandel Teller und Sch\u00fcsseln"},"content":{"rendered":"<div class=\"wp-block-columns is-layout-flex wp-container-core-columns-is-layout-9d6595d7 wp-block-columns-is-layout-flex\">\n<div class=\"wp-block-column is-layout-flow wp-block-column-is-layout-flow\" style=\"flex-basis:60%\">\n<h2 class=\"wp-block-heading\">Premium Bulk China-Geschirr Merkmale:<\/h2>\n\n\n\n<ul class=\"wp-block-list\">\n<li><strong>Einzigartiges Design in Zitronenform: <\/strong>Diese Geschirrserie aus losem Porzellan zeichnet sich durch eine neuartige Zitronenform mit glatten Kanten und realistischen Details aus, die dem Tisch ein frisches und nat\u00fcrliches Aussehen verleihen und die Aufmerksamkeit auf sich ziehen.<\/li>\n\n\n\n<li><strong>Reichhaltige und vielseitige Optionen: <\/strong>Im Gro\u00dfhandel sind Teller und Schalen in verschiedenen Gr\u00f6\u00dfen f\u00fcr die Pr\u00e4sentation von Salaten, Desserts, Suppen und Hauptgerichten erh\u00e4ltlich, die f\u00fcr eine breite Palette von Essenszwecken verwendet werden k\u00f6nnen, von allt\u00e4glichen Mahlzeiten bis hin zu thematischen Banketten.<\/li>\n\n\n\n<li><strong>Hochwertige chinesische Keramiken: <\/strong>Unser Massenporzellangeschirr wird aus hochwertiger Gro\u00dfhandelskeramik hergestellt, die au\u00dfergew\u00f6hnlich haltbar und kratzfest ist und gleichzeitig die Annehmlichkeiten moderner K\u00fcchenger\u00e4te wie Mikrowelle oder Sp\u00fclmaschine bietet.<\/li>\n\n\n\n<li><strong>Gro\u00dfauftr\u00e4ge und ma\u00dfgeschneiderte Dienstleistungen: <\/strong>Unsere Teller und Schalen f\u00fcr den Gro\u00dfhandel sind f\u00fcr gewerbliche Kunden konzipiert, in gro\u00dfen Mengen erh\u00e4ltlich und k\u00f6nnen je nach Bedarf mit Farben, Details oder Markenlogos personalisiert werden, was sie zu einer perfekten Wahl f\u00fcr die Gastronomie und den Einzelhandel macht.<\/li>\n<\/ul>\n<\/div>\n\n\n\n<div class=\"wp-block-column is-layout-flow wp-block-column-is-layout-flow\">\n<figure class=\"wp-block-image size-full\"><img decoding=\"async\" width=\"1200\" height=\"1200\" src=\"https:\/\/www.lovinghomecollection.com\/wp-content\/uploads\/2024\/11\/Lemon-Shape-Bulk-China-Dinnerware-Wholesale-Plates-and-Bowls-6.webp\" alt=\"Lemon Shape Bulk China Geschirr, Gro\u00dfhandel Teller und Schalen-6\" class=\"wp-image-2478\" srcset=\"https:\/\/www.lovinghomecollection.com\/wp-content\/uploads\/2024\/11\/Lemon-Shape-Bulk-China-Dinnerware-Wholesale-Plates-and-Bowls-6.webp 1200w, https:\/\/www.lovinghomecollection.com\/wp-content\/uploads\/2024\/11\/Lemon-Shape-Bulk-China-Dinnerware-Wholesale-Plates-and-Bowls-6-300x300.webp 300w, https:\/\/www.lovinghomecollection.com\/wp-content\/uploads\/2024\/11\/Lemon-Shape-Bulk-China-Dinnerware-Wholesale-Plates-and-Bowls-6-150x150.webp 150w, https:\/\/www.lovinghomecollection.com\/wp-content\/uploads\/2024\/11\/Lemon-Shape-Bulk-China-Dinnerware-Wholesale-Plates-and-Bowls-6-768x768.webp 768w, https:\/\/www.lovinghomecollection.com\/wp-content\/uploads\/2024\/11\/Lemon-Shape-Bulk-China-Dinnerware-Wholesale-Plates-and-Bowls-6-12x12.webp 12w, https:\/\/www.lovinghomecollection.com\/wp-content\/uploads\/2024\/11\/Lemon-Shape-Bulk-China-Dinnerware-Wholesale-Plates-and-Bowls-6-600x600.webp 600w, https:\/\/www.lovinghomecollection.com\/wp-content\/uploads\/2024\/11\/Lemon-Shape-Bulk-China-Dinnerware-Wholesale-Plates-and-Bowls-6-100x100.webp 100w\" sizes=\"(max-width: 1200px) 100vw, 1200px\" \/><\/figure>\n<\/div>\n<\/div>\n\n\n\n<h2 class=\"wp-block-heading has-text-align-center\">Produktdarstellung von Lemon Orchard Bulk China Essgeschirr<\/h2>\n\n\n\n<div class=\"wp-block-columns is-layout-flex wp-container-core-columns-is-layout-9d6595d7 wp-block-columns-is-layout-flex\">\n<div class=\"wp-block-column is-layout-flow wp-block-column-is-layout-flow\">\n<figure class=\"wp-block-image size-full\"><img decoding=\"async\" width=\"1750\" height=\"2269\" src=\"https:\/\/www.lovinghomecollection.com\/wp-content\/uploads\/2024\/11\/Lemon-Shape-Bulk-China-Dinnerware-Wholesale-Plates-and-Bowls-12.webp\" alt=\"Lemon Shape Bulk China Geschirr, Gro\u00dfhandel Teller und Schalen-12\" class=\"wp-image-2484\" srcset=\"https:\/\/www.lovinghomecollection.com\/wp-content\/uploads\/2024\/11\/Lemon-Shape-Bulk-China-Dinnerware-Wholesale-Plates-and-Bowls-12.webp 1750w, https:\/\/www.lovinghomecollection.com\/wp-content\/uploads\/2024\/11\/Lemon-Shape-Bulk-China-Dinnerware-Wholesale-Plates-and-Bowls-12-231x300.webp 231w, https:\/\/www.lovinghomecollection.com\/wp-content\/uploads\/2024\/11\/Lemon-Shape-Bulk-China-Dinnerware-Wholesale-Plates-and-Bowls-12-768x996.webp 768w, https:\/\/www.lovinghomecollection.com\/wp-content\/uploads\/2024\/11\/Lemon-Shape-Bulk-China-Dinnerware-Wholesale-Plates-and-Bowls-12-9x12.webp 9w, https:\/\/www.lovinghomecollection.com\/wp-content\/uploads\/2024\/11\/Lemon-Shape-Bulk-China-Dinnerware-Wholesale-Plates-and-Bowls-12-1200x1556.webp 1200w, https:\/\/www.lovinghomecollection.com\/wp-content\/uploads\/2024\/11\/Lemon-Shape-Bulk-China-Dinnerware-Wholesale-Plates-and-Bowls-12-600x778.webp 600w\" sizes=\"(max-width: 1750px) 100vw, 1750px\" \/><\/figure>\n<\/div>\n\n\n\n<div class=\"wp-block-column is-layout-flow wp-block-column-is-layout-flow\">\n<figure class=\"wp-block-image size-full\"><img decoding=\"async\" width=\"1750\" height=\"1188\" src=\"https:\/\/www.lovinghomecollection.com\/wp-content\/uploads\/2024\/11\/Lemon-Shape-Bulk-China-Dinnerware-Wholesale-Plates-and-Bowls-13.webp\" alt=\"Lemon Shape Bulk China Geschirr, Gro\u00dfhandel Teller und Schalen-13\" class=\"wp-image-2485\" srcset=\"https:\/\/www.lovinghomecollection.com\/wp-content\/uploads\/2024\/11\/Lemon-Shape-Bulk-China-Dinnerware-Wholesale-Plates-and-Bowls-13.webp 1750w, https:\/\/www.lovinghomecollection.com\/wp-content\/uploads\/2024\/11\/Lemon-Shape-Bulk-China-Dinnerware-Wholesale-Plates-and-Bowls-13-300x204.webp 300w, https:\/\/www.lovinghomecollection.com\/wp-content\/uploads\/2024\/11\/Lemon-Shape-Bulk-China-Dinnerware-Wholesale-Plates-and-Bowls-13-768x521.webp 768w, https:\/\/www.lovinghomecollection.com\/wp-content\/uploads\/2024\/11\/Lemon-Shape-Bulk-China-Dinnerware-Wholesale-Plates-and-Bowls-13-18x12.webp 18w, https:\/\/www.lovinghomecollection.com\/wp-content\/uploads\/2024\/11\/Lemon-Shape-Bulk-China-Dinnerware-Wholesale-Plates-and-Bowls-13-1200x815.webp 1200w, https:\/\/www.lovinghomecollection.com\/wp-content\/uploads\/2024\/11\/Lemon-Shape-Bulk-China-Dinnerware-Wholesale-Plates-and-Bowls-13-600x407.webp 600w\" sizes=\"(max-width: 1750px) 100vw, 1750px\" \/><\/figure>\n<\/div>\n<\/div>\n\n\n\n<p><\/p>","protected":false},"excerpt":{"rendered":"<p>Willkommen zum Kauf von Tellern und Schalen im Gro\u00dfhandel. Dieses zitronenf\u00f6rmige Porzellangeschirr verleiht dem Tisch mit seiner einzigartigen Form und seiner multifunktionalen Verwendung einen frischen Touch, geeignet f\u00fcr den t\u00e4glichen Gebrauch und f\u00fcr Bankette. Hergestellt aus hochwertigen Materialien, unterst\u00fctzt Gro\u00dfbeschaffung und ma\u00dfgeschneiderte Dienstleistungen, ist es die beste Wahl f\u00fcr die kommerzielle Beschaffung.<\/p>\n<table style=\"border-collapse: collapse; width: 338.02pt;\" border=\"0\" width=\"338\" cellspacing=\"0\" cellpadding=\"0\">\n<tbody>\n<tr style=\"height: 18.00pt;\">\n<td class=\"et3\" style=\"height: 18.00pt; width: 124.50pt;\" width=\"124\" height=\"18\">Hersteller<\/td>\n<td class=\"et3\" style=\"width: 214.40pt;\" width=\"214\">Liebevolles Zuhause<\/td>\n<\/tr>\n<tr style=\"height: 18.00pt;\">\n<td class=\"et3\" style=\"height: 18.00pt; width: 124.50pt;\" width=\"124\" height=\"18\">Sammlung Name<\/td>\n<td class=\"et4\" style=\"width: 214.40pt;\" width=\"214\">Zitronengarten<\/td>\n<\/tr>\n<tr style=\"height: 18.00pt;\">\n<td class=\"et3\" style=\"height: 18.00pt; width: 124.50pt;\" width=\"124\" height=\"18\">Verwendung<\/td>\n<td class=\"et3\" style=\"width: 214.40pt;\" width=\"214\">Haus, Restaurant, Hotel<\/td>\n<\/tr>\n<tr style=\"height: 71.00pt;\">\n<td class=\"et3\" style=\"height: 71.00pt; width: 124.50pt;\" width=\"124\" height=\"71\">Essgeschirr Typ<\/td>\n<td class=\"et3\" style=\"width: 214.40pt;\" width=\"214\">Teekanne, Zuckertopf, Milchk\u00e4nnchen, Tasse und Untertasse, Becher, Teller, Sch\u00fcssel, Tapas-Set, Teel\u00f6ffel, Vorratsglas<\/td>\n<\/tr>\n<tr style=\"height: 18.00pt;\">\n<td class=\"et3\" style=\"height: 18.00pt; width: 124.50pt;\" width=\"124\" height=\"18\">Material<\/td>\n<td class=\"et3\" style=\"width: 214.40pt;\" width=\"214\">Dauerhaftes Porzellan<\/td>\n<\/tr>\n<tr style=\"height: 18.00pt;\">\n<td class=\"et3\" style=\"height: 18.00pt; width: 124.50pt;\" width=\"124\" height=\"18\">Dimension<\/td>\n<td class=\"et3\" style=\"width: 214.40pt;\" width=\"214\">Wie Detailbild<\/td>\n<\/tr>\n<tr style=\"height: 18.00pt;\">\n<td class=\"et3\" style=\"height: 18.00pt; width: 124.50pt;\" width=\"124\" height=\"18\">Verkaufende Einheiten<\/td>\n<td class=\"et3\" style=\"width: 214.40pt;\" width=\"214\">Einzelnes Element<\/td>\n<\/tr>\n<tr style=\"height: 18.00pt;\">\n<td class=\"et3\" style=\"height: 18.00pt; width: 124.50pt;\" width=\"124\" height=\"18\">MOQ<\/td>\n<td class=\"et3\" style=\"width: 214.40pt;\" width=\"214\">1200\/St\u00fcck pro Artikel<\/td>\n<\/tr>\n<tr style=\"height: 18.00pt;\">\n<td class=\"et3\" style=\"height: 18.00pt; width: 124.50pt;\" width=\"124\" height=\"18\">Kundenspezifische Option<\/td>\n<td class=\"et3\" style=\"width: 214.40pt;\" width=\"214\">Farbe\/Gr\u00f6\u00dfe\/Glasur\/Logo\/Verpackung<\/td>\n<\/tr>\n<\/tbody>\n<\/table>","protected":false},"featured_media":2473,"comment_status":"closed","ping_status":"closed","template":"","meta":{"_acf_changed":false},"product_brand":[],"product_cat":[19],"product_tag":[25,39,34,27,26],"class_list":{"0":"post-2134","1":"product","2":"type-product","3":"status-publish","4":"has-post-thumbnail","6":"product_cat-dinnerware-wholesale","7":"product_tag-wholesale-plates-and-bowls","8":"product_tag-sugar-jars-wholesale","9":"product_tag-olive-oil-dipping-bowls-wholesale","10":"product_tag-wholesale-tea-cups-and-saucers","11":"product_tag-wholesale-teapots","13":"first","14":"instock","15":"shipping-taxable","16":"product-type-simple"},"acf":[],"_links":{"self":[{"href":"https:\/\/www.lovinghomecollection.com\/de\/wp-json\/wp\/v2\/product\/2134","targetHints":{"allow":["GET"]}}],"collection":[{"href":"https:\/\/www.lovinghomecollection.com\/de\/wp-json\/wp\/v2\/product"}],"about":[{"href":"https:\/\/www.lovinghomecollection.com\/de\/wp-json\/wp\/v2\/types\/product"}],"replies":[{"embeddable":true,"href":"https:\/\/www.lovinghomecollection.com\/de\/wp-json\/wp\/v2\/comments?post=2134"}],"wp:featuredmedia":[{"embeddable":true,"href":"https:\/\/www.lovinghomecollection.com\/de\/wp-json\/wp\/v2\/media\/2473"}],"wp:attachment":[{"href":"https:\/\/www.lovinghomecollection.com\/de\/wp-json\/wp\/v2\/media?parent=2134"}],"wp:term":[{"taxonomy":"product_brand","embeddable":true,"href":"https:\/\/www.lovinghomecollection.com\/de\/wp-json\/wp\/v2\/product_brand?post=2134"},{"taxonomy":"product_cat","embeddable":true,"href":"https:\/\/www.lovinghomecollection.com\/de\/wp-json\/wp\/v2\/product_cat?post=2134"},{"taxonomy":"product_tag","embeddable":true,"href":"https:\/\/www.lovinghomecollection.com\/de\/wp-json\/wp\/v2\/product_tag?post=2134"}],"curies":[{"name":"wp","href":"https:\/\/api.w.org\/{rel}","templated":true}]}}