{"id":2040,"date":"2024-11-30T09:47:10","date_gmt":"2024-11-30T09:47:10","guid":{"rendered":"https:\/\/www.lovinghomecollection.com\/?post_type=product&#038;p=2040"},"modified":"2024-11-30T09:47:11","modified_gmt":"2024-11-30T09:47:11","slug":"bespoke-dinnerware-bulk","status":"publish","type":"product","link":"https:\/\/www.lovinghomecollection.com\/de\/produkt\/bespoke-dinnerware-bulk\/","title":{"rendered":"Exquisites ma\u00dfgeschneidertes Essgeschirr, chinesisches Geschirr im Gro\u00dfhandel"},"content":{"rendered":"<div class=\"wp-block-columns is-layout-flex wp-container-core-columns-is-layout-9d6595d7 wp-block-columns-is-layout-flex\">\n<div class=\"wp-block-column is-layout-flow wp-block-column-is-layout-flow\" style=\"flex-basis:60%\">\n<h2 class=\"wp-block-heading\">Premium Bespoke Essgeschirr Bulk Merkmale:<\/h2>\n\n\n\n<ul class=\"wp-block-list\">\n<li><strong>Die Sch\u00f6nheit der nat\u00fcrlichen Textur:<\/strong> Unser ma\u00dfgefertigtes Tafelgeschirr wird mit der traditionellen Technologie des Brennvorgangs hergestellt. Jedes Geschirrteil hat eine einzigartige Textur, die Natur und Kunst verbindet und dem Esstisch einen einzigartigen visuellen Charme und handwerklichen Wert verleiht.<\/li>\n\n\n\n<li><strong>Exquisites Design: <\/strong>Die Oberfl\u00e4che dieser chinesischen Geschirrserie f\u00fcr den Gro\u00dfhandel weist exquisite Designdetails auf. Von glatten Linien bis hin zu sanften T\u00f6nen wurde jedes Detail sorgf\u00e4ltig ausgearbeitet, um hochwertige Qualit\u00e4t und Geschmack widerzuspiegeln.<\/li>\n\n\n\n<li><strong>Geeignet f\u00fcr eine Vielzahl von Tafelszenen: <\/strong>Unser ma\u00dfgeschneidertes Massengeschirr ist sehr vielf\u00e4ltig und umfasst Sch\u00fcsseln, Teller, Tassen, Untertassen und anderes Geschirr, das sich sowohl f\u00fcr das t\u00e4gliche Essen als auch f\u00fcr Familienfeiern, Hotelcatering und andere Anl\u00e4sse eignet und sowohl praktisch als auch dekorativ ist.<\/li>\n\n\n\n<li><strong>Eleganter chinesischer Stil: <\/strong>Diese chinesische Geschirrserie f\u00fcr den Gro\u00dfhandel bewahrt nicht nur das elegante Temperament traditioneller chinesischer Keramik, sondern vereint auch moderne \u00e4sthetische Anforderungen und wird so zu einem Klassiker in kultur\u00fcbergreifenden Esszimmern, der sowohl f\u00fcr den Gro\u00dfhandel als auch f\u00fcr kundenspezifische Zwecke geeignet ist.<\/li>\n<\/ul>\n<\/div>\n\n\n\n<div class=\"wp-block-column is-layout-flow wp-block-column-is-layout-flow\">\n<figure class=\"wp-block-image size-full\"><img decoding=\"async\" width=\"1200\" height=\"1200\" src=\"https:\/\/www.lovinghomecollection.com\/wp-content\/uploads\/2024\/11\/Exquisite-Bespoke-Dinnerware-Bulk-Chinese-Crockery-Wholesale-7.webp\" alt=\"Exquisites ma\u00dfgeschneidertes Tafelgeschirr, chinesisches Geschirr Gro\u00dfhandel-7\" class=\"wp-image-2348\" srcset=\"https:\/\/www.lovinghomecollection.com\/wp-content\/uploads\/2024\/11\/Exquisite-Bespoke-Dinnerware-Bulk-Chinese-Crockery-Wholesale-7.webp 1200w, https:\/\/www.lovinghomecollection.com\/wp-content\/uploads\/2024\/11\/Exquisite-Bespoke-Dinnerware-Bulk-Chinese-Crockery-Wholesale-7-300x300.webp 300w, https:\/\/www.lovinghomecollection.com\/wp-content\/uploads\/2024\/11\/Exquisite-Bespoke-Dinnerware-Bulk-Chinese-Crockery-Wholesale-7-150x150.webp 150w, https:\/\/www.lovinghomecollection.com\/wp-content\/uploads\/2024\/11\/Exquisite-Bespoke-Dinnerware-Bulk-Chinese-Crockery-Wholesale-7-768x768.webp 768w, https:\/\/www.lovinghomecollection.com\/wp-content\/uploads\/2024\/11\/Exquisite-Bespoke-Dinnerware-Bulk-Chinese-Crockery-Wholesale-7-12x12.webp 12w, https:\/\/www.lovinghomecollection.com\/wp-content\/uploads\/2024\/11\/Exquisite-Bespoke-Dinnerware-Bulk-Chinese-Crockery-Wholesale-7-600x600.webp 600w, https:\/\/www.lovinghomecollection.com\/wp-content\/uploads\/2024\/11\/Exquisite-Bespoke-Dinnerware-Bulk-Chinese-Crockery-Wholesale-7-100x100.webp 100w\" sizes=\"(max-width: 1200px) 100vw, 1200px\" \/><\/figure>\n<\/div>\n<\/div>\n\n\n\n<h2 class=\"wp-block-heading has-text-align-center\">Produktdarstellung von Midnight Bloom Bespoke Dinnerware Bulk<\/h2>\n\n\n\n<div class=\"wp-block-columns is-layout-flex wp-container-core-columns-is-layout-9d6595d7 wp-block-columns-is-layout-flex\">\n<div class=\"wp-block-column is-layout-flow wp-block-column-is-layout-flow\">\n<figure class=\"wp-block-image size-full\"><img decoding=\"async\" width=\"1716\" height=\"1255\" src=\"https:\/\/www.lovinghomecollection.com\/wp-content\/uploads\/2024\/11\/Exquisite-Bespoke-Dinnerware-Bulk-Chinese-Crockery-Wholesale-3.webp\" alt=\"Exquisites ma\u00dfgeschneidertes Tafelgeschirr Bulk, chinesisches Geschirr Gro\u00dfhandel-3\" class=\"wp-image-2344\" srcset=\"https:\/\/www.lovinghomecollection.com\/wp-content\/uploads\/2024\/11\/Exquisite-Bespoke-Dinnerware-Bulk-Chinese-Crockery-Wholesale-3.webp 1716w, https:\/\/www.lovinghomecollection.com\/wp-content\/uploads\/2024\/11\/Exquisite-Bespoke-Dinnerware-Bulk-Chinese-Crockery-Wholesale-3-300x219.webp 300w, https:\/\/www.lovinghomecollection.com\/wp-content\/uploads\/2024\/11\/Exquisite-Bespoke-Dinnerware-Bulk-Chinese-Crockery-Wholesale-3-768x562.webp 768w, https:\/\/www.lovinghomecollection.com\/wp-content\/uploads\/2024\/11\/Exquisite-Bespoke-Dinnerware-Bulk-Chinese-Crockery-Wholesale-3-16x12.webp 16w, https:\/\/www.lovinghomecollection.com\/wp-content\/uploads\/2024\/11\/Exquisite-Bespoke-Dinnerware-Bulk-Chinese-Crockery-Wholesale-3-1200x878.webp 1200w, https:\/\/www.lovinghomecollection.com\/wp-content\/uploads\/2024\/11\/Exquisite-Bespoke-Dinnerware-Bulk-Chinese-Crockery-Wholesale-3-600x439.webp 600w\" sizes=\"(max-width: 1716px) 100vw, 1716px\" \/><\/figure>\n<\/div>\n\n\n\n<div class=\"wp-block-column is-layout-flow wp-block-column-is-layout-flow\">\n<figure class=\"wp-block-image size-full\"><img decoding=\"async\" width=\"1716\" height=\"1367\" src=\"https:\/\/www.lovinghomecollection.com\/wp-content\/uploads\/2024\/11\/Exquisite-Bespoke-Dinnerware-Bulk-Chinese-Crockery-Wholesale-4.webp\" alt=\"Exquisites ma\u00dfgeschneidertes Tafelgeschirr Bulk, chinesisches Geschirr Gro\u00dfhandel-4\" class=\"wp-image-2345\" srcset=\"https:\/\/www.lovinghomecollection.com\/wp-content\/uploads\/2024\/11\/Exquisite-Bespoke-Dinnerware-Bulk-Chinese-Crockery-Wholesale-4.webp 1716w, https:\/\/www.lovinghomecollection.com\/wp-content\/uploads\/2024\/11\/Exquisite-Bespoke-Dinnerware-Bulk-Chinese-Crockery-Wholesale-4-300x239.webp 300w, https:\/\/www.lovinghomecollection.com\/wp-content\/uploads\/2024\/11\/Exquisite-Bespoke-Dinnerware-Bulk-Chinese-Crockery-Wholesale-4-768x612.webp 768w, https:\/\/www.lovinghomecollection.com\/wp-content\/uploads\/2024\/11\/Exquisite-Bespoke-Dinnerware-Bulk-Chinese-Crockery-Wholesale-4-15x12.webp 15w, https:\/\/www.lovinghomecollection.com\/wp-content\/uploads\/2024\/11\/Exquisite-Bespoke-Dinnerware-Bulk-Chinese-Crockery-Wholesale-4-1200x956.webp 1200w, https:\/\/www.lovinghomecollection.com\/wp-content\/uploads\/2024\/11\/Exquisite-Bespoke-Dinnerware-Bulk-Chinese-Crockery-Wholesale-4-600x478.webp 600w\" sizes=\"(max-width: 1716px) 100vw, 1716px\" \/><\/figure>\n<\/div>\n<\/div>","protected":false},"excerpt":{"rendered":"<p>Willkommen zum Kauf von chinesischem Geschirr im Gro\u00dfhandel. Diese kiln-changed ma\u00dfgeschneiderte Geschirr bulk zeigt die Sch\u00f6nheit der Kunst mit nat\u00fcrlichen Texturen und exquisite Design, f\u00fcr multifunktionale Kits geeignet f\u00fcr private und kommerzielle Szenen. Loving Home kombiniert chinesische Eleganz mit moderner \u00c4sthetik und bietet Ihnen einzigartige und hochwertige L\u00f6sungen f\u00fcr den Esstisch, ideal f\u00fcr den Gro\u00dfhandel und die individuelle Anpassung.<\/p>\n<table width=\"338\">\n<tbody>\n<tr>\n<td width=\"124\">Hersteller<\/td>\n<td width=\"214\">Liebevolles Zuhause<\/td>\n<\/tr>\n<tr>\n<td width=\"124\">Sammlung Name<\/td>\n<td width=\"214\">Mitternachtsbl\u00fcte<\/td>\n<\/tr>\n<tr>\n<td width=\"124\">Verwendung<\/td>\n<td width=\"214\">Haus, Restaurant, Hotel<\/td>\n<\/tr>\n<tr>\n<td width=\"124\">Essgeschirr Typ<\/td>\n<td width=\"214\">Teekanne, Zuckerkanne, Milchk\u00e4nnchen, Tasse und Untertasse, Tasse, Teller, Schale<\/td>\n<\/tr>\n<tr>\n<td width=\"124\">Material<\/td>\n<td width=\"214\">Dauerhaftes Porzellan<\/td>\n<\/tr>\n<tr>\n<td width=\"124\">Dimension<\/td>\n<td width=\"214\">Wie Detailbild<\/td>\n<\/tr>\n<tr>\n<td width=\"124\">Verkaufende Einheiten<\/td>\n<td width=\"214\">Einzelnes Element<\/td>\n<\/tr>\n<tr>\n<td width=\"124\">MOQ<\/td>\n<td width=\"214\">1200\/St\u00fcck pro Artikel<\/td>\n<\/tr>\n<tr>\n<td width=\"124\">Kundenspezifische Option<\/td>\n<td width=\"214\">Farbe\/Gr\u00f6\u00dfe\/Glasur\/Logo\/Verpackung<\/td>\n<\/tr>\n<\/tbody>\n<\/table>","protected":false},"featured_media":2343,"comment_status":"closed","ping_status":"closed","template":"","meta":{"_acf_changed":false},"product_brand":[],"product_cat":[19],"product_tag":[25,39,27,26],"class_list":{"0":"post-2040","1":"product","2":"type-product","3":"status-publish","4":"has-post-thumbnail","6":"product_cat-dinnerware-wholesale","7":"product_tag-wholesale-plates-and-bowls","8":"product_tag-sugar-jars-wholesale","9":"product_tag-wholesale-tea-cups-and-saucers","10":"product_tag-wholesale-teapots","12":"first","13":"instock","14":"shipping-taxable","15":"product-type-simple"},"acf":[],"_links":{"self":[{"href":"https:\/\/www.lovinghomecollection.com\/de\/wp-json\/wp\/v2\/product\/2040","targetHints":{"allow":["GET"]}}],"collection":[{"href":"https:\/\/www.lovinghomecollection.com\/de\/wp-json\/wp\/v2\/product"}],"about":[{"href":"https:\/\/www.lovinghomecollection.com\/de\/wp-json\/wp\/v2\/types\/product"}],"replies":[{"embeddable":true,"href":"https:\/\/www.lovinghomecollection.com\/de\/wp-json\/wp\/v2\/comments?post=2040"}],"wp:featuredmedia":[{"embeddable":true,"href":"https:\/\/www.lovinghomecollection.com\/de\/wp-json\/wp\/v2\/media\/2343"}],"wp:attachment":[{"href":"https:\/\/www.lovinghomecollection.com\/de\/wp-json\/wp\/v2\/media?parent=2040"}],"wp:term":[{"taxonomy":"product_brand","embeddable":true,"href":"https:\/\/www.lovinghomecollection.com\/de\/wp-json\/wp\/v2\/product_brand?post=2040"},{"taxonomy":"product_cat","embeddable":true,"href":"https:\/\/www.lovinghomecollection.com\/de\/wp-json\/wp\/v2\/product_cat?post=2040"},{"taxonomy":"product_tag","embeddable":true,"href":"https:\/\/www.lovinghomecollection.com\/de\/wp-json\/wp\/v2\/product_tag?post=2040"}],"curies":[{"name":"wp","href":"https:\/\/api.w.org\/{rel}","templated":true}]}}