{"id":1557,"date":"2024-10-07T08:47:14","date_gmt":"2024-10-07T08:47:14","guid":{"rendered":"https:\/\/www.lovinghomecollection.com\/?post_type=product&#038;p=1557"},"modified":"2024-10-26T03:02:10","modified_gmt":"2024-10-26T03:02:10","slug":"wholesale-dishware","status":"publish","type":"product","link":"https:\/\/www.lovinghomecollection.com\/de\/produkt\/wholesale-dishware\/","title":{"rendered":"Muschelform Gro\u00dfhandel Geschirr, keramische Teller und Schalen Bulk"},"content":{"rendered":"<div class=\"wp-block-columns is-layout-flex wp-container-core-columns-is-layout-9d6595d7 wp-block-columns-is-layout-flex\">\n<div class=\"wp-block-column is-layout-flow wp-block-column-is-layout-flow\" style=\"flex-basis:60%\">\n<h2 class=\"wp-block-heading\">Premium-Gro\u00dfhandelsgeschirr:<\/h2>\n\n\n\n<ul class=\"wp-block-list\">\n<li><strong>Inspiriert von Schalentieren und Muscheln: <\/strong>Die Formen dieser Geschirrserie f\u00fcr den Gro\u00dfhandel sind alle mit maritimen Elementen wie Muscheln und Muscheln gestaltet, die dem Tisch ein nat\u00fcrliches und frisches Gef\u00fchl verleihen und einen einzigartigen visuellen Genuss bieten.<\/li>\n\n\n\n<li><strong>Mehrere Farboptionen zur Anpassung an verschiedene Stile: <\/strong>Das Keramik-Teller- und Sch\u00fcsselset bietet eine Vielzahl von Farboptionen, die der Benutzer je nach Tischdekoration oder pers\u00f6nlichen Vorlieben frei kombinieren kann, um eine farbenfrohe Essatmosph\u00e4re zu schaffen.<\/li>\n\n\n\n<li><strong>Langlebig und sicher: <\/strong>Unsere Marine-Gro\u00dfhandel-Geschirrserie besteht aus hochwertiger Keramik, die robust und langlebig, hitzebest\u00e4ndig und kratzfest ist, sich f\u00fcr den t\u00e4glichen Gebrauch eignet und daf\u00fcr sorgt, dass das Geschirr auch bei langfristigem Gebrauch sch\u00f6n bleibt.<\/li>\n\n\n\n<li><strong>Funktionalit\u00e4t und Sch\u00f6nheit: <\/strong>Die Keramikteller und -schalen in Form von Muscheln sind nicht nur sch\u00f6n und einzigartig, sondern haben auch eine praktische Funktion. Sie eignen sich f\u00fcr die Aufnahme einer Vielzahl von Lebensmitteln und sind ideal f\u00fcr Familienfeiern und t\u00e4gliche Mahlzeiten.<\/li>\n<\/ul>\n<\/div>\n\n\n\n<div class=\"wp-block-column is-layout-flow wp-block-column-is-layout-flow\">\n<figure class=\"wp-block-image size-full\"><img decoding=\"async\" width=\"1200\" height=\"1200\" src=\"https:\/\/www.lovinghomecollection.com\/wp-content\/uploads\/2024\/10\/Shell-Shape-Wholesale-Dishware-Ceramic-Plates-And-Bowls-Bulk-7.webp\" alt=\"Shell Form Gro\u00dfhandel Geschirr, Keramik-Teller und Schalen Bulk (7)\" class=\"wp-image-1564\" srcset=\"https:\/\/www.lovinghomecollection.com\/wp-content\/uploads\/2024\/10\/Shell-Shape-Wholesale-Dishware-Ceramic-Plates-And-Bowls-Bulk-7.webp 1200w, https:\/\/www.lovinghomecollection.com\/wp-content\/uploads\/2024\/10\/Shell-Shape-Wholesale-Dishware-Ceramic-Plates-And-Bowls-Bulk-7-300x300.webp 300w, https:\/\/www.lovinghomecollection.com\/wp-content\/uploads\/2024\/10\/Shell-Shape-Wholesale-Dishware-Ceramic-Plates-And-Bowls-Bulk-7-150x150.webp 150w, https:\/\/www.lovinghomecollection.com\/wp-content\/uploads\/2024\/10\/Shell-Shape-Wholesale-Dishware-Ceramic-Plates-And-Bowls-Bulk-7-768x768.webp 768w, https:\/\/www.lovinghomecollection.com\/wp-content\/uploads\/2024\/10\/Shell-Shape-Wholesale-Dishware-Ceramic-Plates-And-Bowls-Bulk-7-12x12.webp 12w, https:\/\/www.lovinghomecollection.com\/wp-content\/uploads\/2024\/10\/Shell-Shape-Wholesale-Dishware-Ceramic-Plates-And-Bowls-Bulk-7-600x600.webp 600w, https:\/\/www.lovinghomecollection.com\/wp-content\/uploads\/2024\/10\/Shell-Shape-Wholesale-Dishware-Ceramic-Plates-And-Bowls-Bulk-7-100x100.webp 100w\" sizes=\"(max-width: 1200px) 100vw, 1200px\" \/><\/figure>\n<\/div>\n<\/div>\n\n\n\n<h2 class=\"wp-block-heading has-text-align-center\">Produktdarstellung der Sea Friends Gro\u00dfhandelsgeschirr Kollektion<\/h2>\n\n\n\n<div class=\"wp-block-columns is-layout-flex wp-container-core-columns-is-layout-9d6595d7 wp-block-columns-is-layout-flex\">\n<div class=\"wp-block-column is-layout-flow wp-block-column-is-layout-flow\">\n<figure class=\"wp-block-image size-full\"><img decoding=\"async\" width=\"3916\" height=\"4082\" src=\"https:\/\/www.lovinghomecollection.com\/wp-content\/uploads\/2024\/10\/Shell-Shape-Wholesale-Dishware-Ceramic-Plates-And-Bowls-Bulk-14.webp\" alt=\"Shell Form Gro\u00dfhandel Geschirr, keramische Teller und Schalen Bulk-14\" class=\"wp-image-1570\" srcset=\"https:\/\/www.lovinghomecollection.com\/wp-content\/uploads\/2024\/10\/Shell-Shape-Wholesale-Dishware-Ceramic-Plates-And-Bowls-Bulk-14.webp 3916w, https:\/\/www.lovinghomecollection.com\/wp-content\/uploads\/2024\/10\/Shell-Shape-Wholesale-Dishware-Ceramic-Plates-And-Bowls-Bulk-14-288x300.webp 288w, https:\/\/www.lovinghomecollection.com\/wp-content\/uploads\/2024\/10\/Shell-Shape-Wholesale-Dishware-Ceramic-Plates-And-Bowls-Bulk-14-768x801.webp 768w, https:\/\/www.lovinghomecollection.com\/wp-content\/uploads\/2024\/10\/Shell-Shape-Wholesale-Dishware-Ceramic-Plates-And-Bowls-Bulk-14-12x12.webp 12w, https:\/\/www.lovinghomecollection.com\/wp-content\/uploads\/2024\/10\/Shell-Shape-Wholesale-Dishware-Ceramic-Plates-And-Bowls-Bulk-14-1200x1251.webp 1200w, https:\/\/www.lovinghomecollection.com\/wp-content\/uploads\/2024\/10\/Shell-Shape-Wholesale-Dishware-Ceramic-Plates-And-Bowls-Bulk-14-600x625.webp 600w\" sizes=\"(max-width: 3916px) 100vw, 3916px\" \/><\/figure>\n<\/div>\n\n\n\n<div class=\"wp-block-column is-layout-flow wp-block-column-is-layout-flow\">\n<figure class=\"wp-block-image size-full\"><img decoding=\"async\" width=\"3916\" height=\"4082\" src=\"https:\/\/www.lovinghomecollection.com\/wp-content\/uploads\/2024\/10\/Shell-Shape-Wholesale-Dishware-Ceramic-Plates-And-Bowls-Bulk-13.webp\" alt=\"Shell Form Gro\u00dfhandel Geschirr, Keramik-Teller und Schalen Bulk (13)\" class=\"wp-image-1569\" srcset=\"https:\/\/www.lovinghomecollection.com\/wp-content\/uploads\/2024\/10\/Shell-Shape-Wholesale-Dishware-Ceramic-Plates-And-Bowls-Bulk-13.webp 3916w, https:\/\/www.lovinghomecollection.com\/wp-content\/uploads\/2024\/10\/Shell-Shape-Wholesale-Dishware-Ceramic-Plates-And-Bowls-Bulk-13-288x300.webp 288w, https:\/\/www.lovinghomecollection.com\/wp-content\/uploads\/2024\/10\/Shell-Shape-Wholesale-Dishware-Ceramic-Plates-And-Bowls-Bulk-13-768x801.webp 768w, https:\/\/www.lovinghomecollection.com\/wp-content\/uploads\/2024\/10\/Shell-Shape-Wholesale-Dishware-Ceramic-Plates-And-Bowls-Bulk-13-12x12.webp 12w, https:\/\/www.lovinghomecollection.com\/wp-content\/uploads\/2024\/10\/Shell-Shape-Wholesale-Dishware-Ceramic-Plates-And-Bowls-Bulk-13-1200x1251.webp 1200w, https:\/\/www.lovinghomecollection.com\/wp-content\/uploads\/2024\/10\/Shell-Shape-Wholesale-Dishware-Ceramic-Plates-And-Bowls-Bulk-13-600x625.webp 600w\" sizes=\"(max-width: 3916px) 100vw, 3916px\" \/><\/figure>\n<\/div>\n<\/div>\n\n\n\n<p><\/p>","protected":false},"excerpt":{"rendered":"<p>Willkommen zum Kauf von keramischen Tellern und Sch\u00fcsseln in gro\u00dfen Mengen. Diese Geschirrserie im maritimen Stil ist von Muscheln und Muschelschalen inspiriert, mit einzigartigen Formen und voller nat\u00fcrlicher Atmosph\u00e4re. Eine Vielzahl von Farboptionen verleihen dem Tisch eine pers\u00f6nliche Note, w\u00e4hrend das hochwertige Keramikmaterial Langlebigkeit und Sicherheit gew\u00e4hrleistet, so dass es sich sowohl f\u00fcr das t\u00e4gliche Essen als auch f\u00fcr besondere Anl\u00e4sse eignet.<\/p>\n<table style=\"border-collapse: collapse; width: 338.02pt;\" border=\"0\" width=\"338\" cellspacing=\"0\" cellpadding=\"0\">\n<tbody>\n<tr style=\"height: 18.00pt;\">\n<td class=\"et3\" style=\"height: 18.00pt; width: 124.50pt;\" width=\"124\" height=\"18\">Hersteller<\/td>\n<td class=\"et3\" style=\"width: 214.40pt;\" width=\"214\">Liebevolles Zuhause<\/td>\n<\/tr>\n<tr style=\"height: 18.00pt;\">\n<td class=\"et3\" style=\"height: 18.00pt; width: 124.50pt;\" width=\"124\" height=\"18\">Sammlung Name<\/td>\n<td class=\"et4\" style=\"width: 214.40pt;\" width=\"214\">Freunde des Meeres<\/td>\n<\/tr>\n<tr style=\"height: 18.00pt;\">\n<td class=\"et3\" style=\"height: 18.00pt; width: 124.50pt;\" width=\"124\" height=\"18\">Verwendung<\/td>\n<td class=\"et3\" style=\"width: 214.40pt;\" width=\"214\">Haus, Restaurant, Hotel<\/td>\n<\/tr>\n<tr style=\"height: 18.00pt;\">\n<td class=\"et3\" style=\"height: 18.00pt; width: 124.50pt;\" width=\"124\" height=\"18\">Essgeschirr Typ<\/td>\n<td class=\"et3\" style=\"width: 214.40pt;\" width=\"214\">Schale, Teller<\/td>\n<\/tr>\n<tr style=\"height: 18.00pt;\">\n<td class=\"et3\" style=\"height: 18.00pt; width: 124.50pt;\" width=\"124\" height=\"18\">Material<\/td>\n<td class=\"et3\" style=\"width: 214.40pt;\" width=\"214\">Dauerhaftes Porzellan<\/td>\n<\/tr>\n<tr style=\"height: 18.00pt;\">\n<td class=\"et3\" style=\"height: 18.00pt; width: 124.50pt;\" width=\"124\" height=\"18\">Dimension<\/td>\n<td class=\"et3\" style=\"width: 214.40pt;\" width=\"214\">Wie Detailbild<\/td>\n<\/tr>\n<tr style=\"height: 18.00pt;\">\n<td class=\"et3\" style=\"height: 18.00pt; width: 124.50pt;\" width=\"124\" height=\"18\">Verkaufende Einheiten<\/td>\n<td class=\"et3\" style=\"width: 214.40pt;\" width=\"214\">Einzelnes Element<\/td>\n<\/tr>\n<tr style=\"height: 18.00pt;\">\n<td class=\"et3\" style=\"height: 18.00pt; width: 124.50pt;\" width=\"124\" height=\"18\">MOQ<\/td>\n<td class=\"et3\" style=\"width: 214.40pt;\" width=\"214\">1200\/St\u00fcck pro Artikel<\/td>\n<\/tr>\n<tr style=\"height: 18.00pt;\">\n<td class=\"et3\" style=\"height: 18.00pt; width: 124.50pt;\" width=\"124\" height=\"18\">Kundenspezifische Option<\/td>\n<td class=\"et3\" style=\"width: 214.40pt;\" width=\"214\">Farbe\/Gr\u00f6\u00dfe\/Glasur\/Logo\/Verpackung<\/td>\n<\/tr>\n<\/tbody>\n<\/table>","protected":false},"featured_media":1558,"comment_status":"closed","ping_status":"closed","template":"","meta":{"_acf_changed":false},"product_brand":[],"product_cat":[19],"product_tag":[25,34],"class_list":{"0":"post-1557","1":"product","2":"type-product","3":"status-publish","4":"has-post-thumbnail","6":"product_cat-dinnerware-wholesale","7":"product_tag-wholesale-plates-and-bowls","8":"product_tag-olive-oil-dipping-bowls-wholesale","10":"first","11":"instock","12":"shipping-taxable","13":"product-type-simple"},"acf":[],"_links":{"self":[{"href":"https:\/\/www.lovinghomecollection.com\/de\/wp-json\/wp\/v2\/product\/1557","targetHints":{"allow":["GET"]}}],"collection":[{"href":"https:\/\/www.lovinghomecollection.com\/de\/wp-json\/wp\/v2\/product"}],"about":[{"href":"https:\/\/www.lovinghomecollection.com\/de\/wp-json\/wp\/v2\/types\/product"}],"replies":[{"embeddable":true,"href":"https:\/\/www.lovinghomecollection.com\/de\/wp-json\/wp\/v2\/comments?post=1557"}],"wp:featuredmedia":[{"embeddable":true,"href":"https:\/\/www.lovinghomecollection.com\/de\/wp-json\/wp\/v2\/media\/1558"}],"wp:attachment":[{"href":"https:\/\/www.lovinghomecollection.com\/de\/wp-json\/wp\/v2\/media?parent=1557"}],"wp:term":[{"taxonomy":"product_brand","embeddable":true,"href":"https:\/\/www.lovinghomecollection.com\/de\/wp-json\/wp\/v2\/product_brand?post=1557"},{"taxonomy":"product_cat","embeddable":true,"href":"https:\/\/www.lovinghomecollection.com\/de\/wp-json\/wp\/v2\/product_cat?post=1557"},{"taxonomy":"product_tag","embeddable":true,"href":"https:\/\/www.lovinghomecollection.com\/de\/wp-json\/wp\/v2\/product_tag?post=1557"}],"curies":[{"name":"wp","href":"https:\/\/api.w.org\/{rel}","templated":true}]}}