{"id":1453,"date":"2024-09-29T03:49:27","date_gmt":"2024-09-29T03:49:27","guid":{"rendered":"https:\/\/www.lovinghomecollection.com\/?post_type=product&#038;p=1453"},"modified":"2025-11-19T08:41:54","modified_gmt":"2025-11-19T08:41:54","slug":"wholesale-flower-vases","status":"publish","type":"product","link":"https:\/\/www.lovinghomecollection.com\/de\/produkt\/wholesale-flower-vases\/","title":{"rendered":"Stilvolle Gro\u00dfhandel Blumenvasen, keramische Blumenvasen in Bulk"},"content":{"rendered":"<div class=\"wp-block-columns is-layout-flex wp-container-core-columns-is-layout-9d6595d7 wp-block-columns-is-layout-flex\">\n<div class=\"wp-block-column is-layout-flow wp-block-column-is-layout-flow\" style=\"flex-basis:60%\">\n<h2 class=\"wp-block-heading\">Premium Gro\u00dfhandel Blumenvasen Eigenschaften:<\/h2>\n\n\n\n<ul class=\"wp-block-list\">\n<li><strong>Schickes Design:<\/strong> Diese Gro\u00dfhandel Blumenvasen Serie nimmt ein einzigartiges Design, jede Vase zeigt eine einzigartige Sch\u00f6nheit, die sowohl moderne und kreative, geeignet f\u00fcr eine Vielzahl von dekorativen Stilen ist.<\/li>\n\n\n\n<li><strong>Handgefertigte Textur: <\/strong>Diese Blumenvasen aus Keramik haben eine einzigartige handgefertigte Struktur auf der Oberfl\u00e4che, die jedem St\u00fcck einen einzigartigen visuellen Effekt verleiht und die exquisite Handwerkskunst hervorhebt.<\/li>\n\n\n\n<li><strong>Vielf\u00e4ltige Gr\u00f6\u00dfen- und Formoptionen: <\/strong>Wir bieten Gro\u00dfhandel Blumenvasen mit einer Vielzahl von Formen und Gr\u00f6\u00dfen, von hohen und schlanken Vasen, um kurze und runde Gef\u00e4\u00dfe, die perfekt passen verschiedene Platzbedarf und Blumen-Display-Methoden.<\/li>\n\n\n\n<li><strong>Breite Anwendung: <\/strong>Diese keramischen Blumenvasen in gro\u00dfen Mengen eignen sich nicht nur f\u00fcr die Dekoration von Innenr\u00e4umen, sondern auch f\u00fcr gewerbliche Einrichtungen wie Restaurants, Hotels, Ausstellungsr\u00e4ume usw., um die k\u00fcnstlerische Atmosph\u00e4re des Raums zu verbessern.<\/li>\n<\/ul>\n<\/div>\n\n\n\n<div class=\"wp-block-column is-layout-flow wp-block-column-is-layout-flow\" style=\"flex-basis:40%\">\n<figure class=\"wp-block-image size-full\"><img decoding=\"async\" width=\"1200\" height=\"1200\" src=\"https:\/\/www.lovinghomecollection.com\/wp-content\/uploads\/2024\/09\/Stylish-Wholesale-Flower-Vases-Ceramic-Floral-Vases-In-Bulk-85.webp\" alt=\"Stilvolle Gro\u00dfhandel Blumenvasen, keramische Blumenvasen in Bulk-85\" class=\"wp-image-1463\" srcset=\"https:\/\/www.lovinghomecollection.com\/wp-content\/uploads\/2024\/09\/Stylish-Wholesale-Flower-Vases-Ceramic-Floral-Vases-In-Bulk-85.webp 1200w, https:\/\/www.lovinghomecollection.com\/wp-content\/uploads\/2024\/09\/Stylish-Wholesale-Flower-Vases-Ceramic-Floral-Vases-In-Bulk-85-300x300.webp 300w, https:\/\/www.lovinghomecollection.com\/wp-content\/uploads\/2024\/09\/Stylish-Wholesale-Flower-Vases-Ceramic-Floral-Vases-In-Bulk-85-150x150.webp 150w, https:\/\/www.lovinghomecollection.com\/wp-content\/uploads\/2024\/09\/Stylish-Wholesale-Flower-Vases-Ceramic-Floral-Vases-In-Bulk-85-768x768.webp 768w, https:\/\/www.lovinghomecollection.com\/wp-content\/uploads\/2024\/09\/Stylish-Wholesale-Flower-Vases-Ceramic-Floral-Vases-In-Bulk-85-12x12.webp 12w, https:\/\/www.lovinghomecollection.com\/wp-content\/uploads\/2024\/09\/Stylish-Wholesale-Flower-Vases-Ceramic-Floral-Vases-In-Bulk-85-600x600.webp 600w, https:\/\/www.lovinghomecollection.com\/wp-content\/uploads\/2024\/09\/Stylish-Wholesale-Flower-Vases-Ceramic-Floral-Vases-In-Bulk-85-100x100.webp 100w\" sizes=\"(max-width: 1200px) 100vw, 1200px\" \/><\/figure>\n<\/div>\n<\/div>\n\n\n\n<h2 class=\"wp-block-heading has-text-align-center\">Produkt-Display von Gro\u00dfhandel Blumenvasen Sammlung<\/h2>\n\n\n\n<div class=\"wp-block-columns is-layout-flex wp-container-core-columns-is-layout-9d6595d7 wp-block-columns-is-layout-flex\">\n<div class=\"wp-block-column is-layout-flow wp-block-column-is-layout-flow\">\n<figure class=\"wp-block-image size-full\"><img decoding=\"async\" width=\"3721\" height=\"2767\" src=\"https:\/\/www.lovinghomecollection.com\/wp-content\/uploads\/2024\/09\/Stylish-Wholesale-Flower-Vases-Ceramic-Floral-Vases-In-Bulk-0.webp\" alt=\"Stilvolle Gro\u00dfhandel Blumenvasen, keramische Blumenvasen in Bulk-0\" class=\"wp-image-1454\" srcset=\"https:\/\/www.lovinghomecollection.com\/wp-content\/uploads\/2024\/09\/Stylish-Wholesale-Flower-Vases-Ceramic-Floral-Vases-In-Bulk-0.webp 3721w, https:\/\/www.lovinghomecollection.com\/wp-content\/uploads\/2024\/09\/Stylish-Wholesale-Flower-Vases-Ceramic-Floral-Vases-In-Bulk-0-300x223.webp 300w, https:\/\/www.lovinghomecollection.com\/wp-content\/uploads\/2024\/09\/Stylish-Wholesale-Flower-Vases-Ceramic-Floral-Vases-In-Bulk-0-768x571.webp 768w, https:\/\/www.lovinghomecollection.com\/wp-content\/uploads\/2024\/09\/Stylish-Wholesale-Flower-Vases-Ceramic-Floral-Vases-In-Bulk-0-16x12.webp 16w, https:\/\/www.lovinghomecollection.com\/wp-content\/uploads\/2024\/09\/Stylish-Wholesale-Flower-Vases-Ceramic-Floral-Vases-In-Bulk-0-1200x892.webp 1200w, https:\/\/www.lovinghomecollection.com\/wp-content\/uploads\/2024\/09\/Stylish-Wholesale-Flower-Vases-Ceramic-Floral-Vases-In-Bulk-0-600x446.webp 600w\" sizes=\"(max-width: 3721px) 100vw, 3721px\" \/><\/figure>\n<\/div>\n\n\n\n<div class=\"wp-block-column is-layout-flow wp-block-column-is-layout-flow\">\n<figure class=\"wp-block-image size-full\"><img decoding=\"async\" width=\"3721\" height=\"2767\" src=\"https:\/\/www.lovinghomecollection.com\/wp-content\/uploads\/2024\/09\/Stylish-Wholesale-Flower-Vases-Ceramic-Floral-Vases-In-Bulk-1.webp\" alt=\"Stilvolle Gro\u00dfhandel Blumenvasen, keramische Blumenvasen in Bulk-1\" class=\"wp-image-1455\" srcset=\"https:\/\/www.lovinghomecollection.com\/wp-content\/uploads\/2024\/09\/Stylish-Wholesale-Flower-Vases-Ceramic-Floral-Vases-In-Bulk-1.webp 3721w, https:\/\/www.lovinghomecollection.com\/wp-content\/uploads\/2024\/09\/Stylish-Wholesale-Flower-Vases-Ceramic-Floral-Vases-In-Bulk-1-300x223.webp 300w, https:\/\/www.lovinghomecollection.com\/wp-content\/uploads\/2024\/09\/Stylish-Wholesale-Flower-Vases-Ceramic-Floral-Vases-In-Bulk-1-768x571.webp 768w, https:\/\/www.lovinghomecollection.com\/wp-content\/uploads\/2024\/09\/Stylish-Wholesale-Flower-Vases-Ceramic-Floral-Vases-In-Bulk-1-16x12.webp 16w, https:\/\/www.lovinghomecollection.com\/wp-content\/uploads\/2024\/09\/Stylish-Wholesale-Flower-Vases-Ceramic-Floral-Vases-In-Bulk-1-1200x892.webp 1200w, https:\/\/www.lovinghomecollection.com\/wp-content\/uploads\/2024\/09\/Stylish-Wholesale-Flower-Vases-Ceramic-Floral-Vases-In-Bulk-1-600x446.webp 600w\" sizes=\"(max-width: 3721px) 100vw, 3721px\" \/><\/figure>\n<\/div>\n<\/div>","protected":false},"excerpt":{"rendered":"<p>Willkommen zum Kauf von keramischen Blumenvasen in gro\u00dfen Mengen. Diese Gro\u00dfhandel Blumenvasen Serie verf\u00fcgt \u00fcber schicke Formen und handgefertigte Texturen in einer Vielzahl von Gr\u00f6\u00dfen und Formen. Jede Vase zeigt einen einzigartigen Sinn f\u00fcr Kunst, so dass es ein ideales Gef\u00e4\u00df f\u00fcr Blumen sowie ein elegantes dekoratives Element, um jeden Raum zu erhellen.<\/p>\n<table style=\"border-collapse: collapse; width: 338.02pt;\" border=\"0\" width=\"338\" cellspacing=\"0\" cellpadding=\"0\">\n<tbody>\n<tr style=\"height: 18.00pt;\">\n<td class=\"et3\" style=\"height: 18.00pt; width: 124.50pt;\" width=\"124\" height=\"18\">Hersteller<\/td>\n<td class=\"et3\" style=\"width: 214.40pt;\" width=\"214\">Liebevolles Zuhause<\/td>\n<\/tr>\n<tr style=\"height: 18.00pt;\">\n<td class=\"et3\" style=\"height: 18.00pt; width: 124.50pt;\" width=\"124\" height=\"18\">Produkttyp<\/td>\n<td class=\"et4\" style=\"width: 214.40pt;\" width=\"214\">Blumenvasen<\/td>\n<\/tr>\n<tr style=\"height: 18.00pt;\">\n<td class=\"et3\" style=\"height: 18.00pt; width: 124.50pt;\" width=\"124\" height=\"18\">Material<\/td>\n<td class=\"et3\" style=\"width: 214.40pt;\" width=\"214\">Dauerhaftes Porzellan<\/td>\n<\/tr>\n<tr style=\"height: 18.00pt;\">\n<td class=\"et3\" style=\"height: 18.00pt; width: 124.50pt;\" width=\"124\" height=\"18\">Dimension<\/td>\n<td class=\"et3\" style=\"width: 214.40pt;\" width=\"214\">Wie Detailbild<\/td>\n<\/tr>\n<tr style=\"height: 18.00pt;\">\n<td class=\"et3\" style=\"height: 18.00pt; width: 124.50pt;\" width=\"124\" height=\"18\">Verkaufende Einheiten<\/td>\n<td class=\"et3\" style=\"width: 214.40pt;\" width=\"214\">Einzelnes Element<\/td>\n<\/tr>\n<tr style=\"height: 18.00pt;\">\n<td class=\"et3\" style=\"height: 18.00pt; width: 124.50pt;\" width=\"124\" height=\"18\">MOQ<\/td>\n<td class=\"et3\" style=\"width: 214.40pt;\" width=\"214\">1200\/St\u00fcck pro Artikel<\/td>\n<\/tr>\n<tr style=\"height: 18.00pt;\">\n<td class=\"et3\" style=\"height: 18.00pt; width: 124.50pt;\" width=\"124\" height=\"18\">Kundenspezifische Option<\/td>\n<td class=\"et3\" style=\"width: 214.40pt;\" width=\"214\">Farbe\/Gr\u00f6\u00dfe\/Glasur\/Logo\/Verpackung<\/td>\n<\/tr>\n<\/tbody>\n<\/table>","protected":false},"featured_media":1456,"comment_status":"closed","ping_status":"closed","template":"","meta":{"_acf_changed":false},"product_brand":[],"product_cat":[21,50],"product_tag":[],"class_list":{"0":"post-1453","1":"product","2":"type-product","3":"status-publish","4":"has-post-thumbnail","6":"product_cat-ceramic-vases-bulk","7":"product_cat-wholesale-vases-and-pots","9":"first","10":"instock","11":"shipping-taxable","12":"product-type-simple"},"acf":[],"_links":{"self":[{"href":"https:\/\/www.lovinghomecollection.com\/de\/wp-json\/wp\/v2\/product\/1453","targetHints":{"allow":["GET"]}}],"collection":[{"href":"https:\/\/www.lovinghomecollection.com\/de\/wp-json\/wp\/v2\/product"}],"about":[{"href":"https:\/\/www.lovinghomecollection.com\/de\/wp-json\/wp\/v2\/types\/product"}],"replies":[{"embeddable":true,"href":"https:\/\/www.lovinghomecollection.com\/de\/wp-json\/wp\/v2\/comments?post=1453"}],"wp:featuredmedia":[{"embeddable":true,"href":"https:\/\/www.lovinghomecollection.com\/de\/wp-json\/wp\/v2\/media\/1456"}],"wp:attachment":[{"href":"https:\/\/www.lovinghomecollection.com\/de\/wp-json\/wp\/v2\/media?parent=1453"}],"wp:term":[{"taxonomy":"product_brand","embeddable":true,"href":"https:\/\/www.lovinghomecollection.com\/de\/wp-json\/wp\/v2\/product_brand?post=1453"},{"taxonomy":"product_cat","embeddable":true,"href":"https:\/\/www.lovinghomecollection.com\/de\/wp-json\/wp\/v2\/product_cat?post=1453"},{"taxonomy":"product_tag","embeddable":true,"href":"https:\/\/www.lovinghomecollection.com\/de\/wp-json\/wp\/v2\/product_tag?post=1453"}],"curies":[{"name":"wp","href":"https:\/\/api.w.org\/{rel}","templated":true}]}}