{"id":1220,"date":"2024-09-19T06:56:16","date_gmt":"2024-09-19T06:56:16","guid":{"rendered":"https:\/\/www.lovinghomecollection.com\/?post_type=product&#038;p=1220"},"modified":"2025-03-28T03:36:42","modified_gmt":"2025-03-28T03:36:42","slug":"bulk-dinnerware","status":"publish","type":"product","link":"https:\/\/www.lovinghomecollection.com\/de\/produkt\/bulk-dinnerware\/","title":{"rendered":"Morandi Bulk-Geschirr, Modernes Design Gro\u00dfhandel Abendessen Sets"},"content":{"rendered":"<div class=\"wp-block-columns is-layout-flex wp-container-core-columns-is-layout-9d6595d7 wp-block-columns-is-layout-flex\">\n<div class=\"wp-block-column is-layout-flow wp-block-column-is-layout-flow\" style=\"flex-basis:60%\">\n<h2 class=\"wp-block-heading\">Premium Bulk-Geschirr Merkmale:<\/h2>\n\n\n\n<ul class=\"wp-block-list\">\n<li><strong>Morandi Farbgestaltung:<\/strong> Diese Geschirrserie basiert auf dem klassischen Morandi-Farbsystem und bietet f\u00fcnf sanfte Farbt\u00f6ne wie Beige, Hellgr\u00fcn, Rosa und mehr. Es ist einfach, aber stilvoll und eignet sich f\u00fcr moderne Haus- und Tischdekorationen, die eine warme und elegante Atmosph\u00e4re beim Essen schaffen.<\/li>\n\n\n\n<li><strong>Umfassende Funktionen: <\/strong>Dieses Gro\u00dfhandelsgeschirr umfasst Teekannen, Zuckerdosen, Milchtassen, Tassen und Untertassen, Tassen, Teller, Sch\u00fcsseln, Vorratsdosen, Butterdosen, K\u00e4seplatten, \u00d6lflaschen, Oliventeller, Vorspeisenteller, Werkzeugst\u00e4nder, Kuchenst\u00e4nder und Eierbecher. Es ist voll funktionsf\u00e4hig und eignet sich f\u00fcr t\u00e4gliche Familienessen und Bankette.<\/li>\n\n\n\n<li><strong>Modernes und einfaches Design: <\/strong>Diese Geschirrserie f\u00fcr Gro\u00dfverbraucher vereint modernen Designstil. Jedes Geschirrteil basiert auf einfachen Linien und sanften Farben. Es ist f\u00fcr Benutzer geeignet, die Mode und Zweckm\u00e4\u00dfigkeit anstreben. Die exquisiten Details und modernen Formen lassen sich perfekt in verschiedene Einrichtungsstile integrieren.<\/li>\n\n\n\n<li><strong>Langlebig und leicht zu pflegen: <\/strong>Unsere Gro\u00dfhandelsgeschirre sind aus hochwertiger Keramik mit hervorragender Hitzebest\u00e4ndigkeit und Haltbarkeit gefertigt. Gleichzeitig ist die Oberfl\u00e4che glatt und zart, leicht zu reinigen und macht jede Mahlzeit bequemer und angenehmer.<\/li>\n<\/ul>\n<\/div>\n\n\n\n<div class=\"wp-block-column is-layout-flow wp-block-column-is-layout-flow\">\n<figure class=\"wp-block-image size-full\"><img decoding=\"async\" width=\"1200\" height=\"1200\" src=\"https:\/\/www.lovinghomecollection.com\/wp-content\/uploads\/2024\/09\/Morandi-Bulk-Dinnerware-Modern-Design-Wholesale-Dinner-Sets-11.webp\" alt=\"Morandi Bulk-Geschirr, Modernes Design Gro\u00dfhandel Abendessen-Sets (11)\" class=\"wp-image-1232\" srcset=\"https:\/\/www.lovinghomecollection.com\/wp-content\/uploads\/2024\/09\/Morandi-Bulk-Dinnerware-Modern-Design-Wholesale-Dinner-Sets-11.webp 1200w, https:\/\/www.lovinghomecollection.com\/wp-content\/uploads\/2024\/09\/Morandi-Bulk-Dinnerware-Modern-Design-Wholesale-Dinner-Sets-11-300x300.webp 300w, https:\/\/www.lovinghomecollection.com\/wp-content\/uploads\/2024\/09\/Morandi-Bulk-Dinnerware-Modern-Design-Wholesale-Dinner-Sets-11-150x150.webp 150w, https:\/\/www.lovinghomecollection.com\/wp-content\/uploads\/2024\/09\/Morandi-Bulk-Dinnerware-Modern-Design-Wholesale-Dinner-Sets-11-768x768.webp 768w, https:\/\/www.lovinghomecollection.com\/wp-content\/uploads\/2024\/09\/Morandi-Bulk-Dinnerware-Modern-Design-Wholesale-Dinner-Sets-11-12x12.webp 12w, https:\/\/www.lovinghomecollection.com\/wp-content\/uploads\/2024\/09\/Morandi-Bulk-Dinnerware-Modern-Design-Wholesale-Dinner-Sets-11-600x600.webp 600w, https:\/\/www.lovinghomecollection.com\/wp-content\/uploads\/2024\/09\/Morandi-Bulk-Dinnerware-Modern-Design-Wholesale-Dinner-Sets-11-100x100.webp 100w\" sizes=\"(max-width: 1200px) 100vw, 1200px\" \/><\/figure>\n<\/div>\n<\/div>\n\n\n\n<h2 class=\"wp-block-heading has-text-align-center\">Produktdarstellung von Urban Fringe Bulk-Geschirr<\/h2>\n\n\n\n<div class=\"wp-block-columns is-layout-flex wp-container-core-columns-is-layout-9d6595d7 wp-block-columns-is-layout-flex\">\n<div class=\"wp-block-column is-layout-flow wp-block-column-is-layout-flow\">\n<figure class=\"wp-block-image size-full\"><img decoding=\"async\" width=\"2962\" height=\"4015\" src=\"https:\/\/www.lovinghomecollection.com\/wp-content\/uploads\/2024\/09\/Morandi-Bulk-Dinnerware-Modern-Design-Wholesale-Dinner-Sets-16.webp\" alt=\"Morandi Bulk-Geschirr, Modernes Design Gro\u00dfhandel Abendessen-Sets (16)\" class=\"wp-image-1237\" srcset=\"https:\/\/www.lovinghomecollection.com\/wp-content\/uploads\/2024\/09\/Morandi-Bulk-Dinnerware-Modern-Design-Wholesale-Dinner-Sets-16.webp 2962w, https:\/\/www.lovinghomecollection.com\/wp-content\/uploads\/2024\/09\/Morandi-Bulk-Dinnerware-Modern-Design-Wholesale-Dinner-Sets-16-221x300.webp 221w, https:\/\/www.lovinghomecollection.com\/wp-content\/uploads\/2024\/09\/Morandi-Bulk-Dinnerware-Modern-Design-Wholesale-Dinner-Sets-16-768x1041.webp 768w, https:\/\/www.lovinghomecollection.com\/wp-content\/uploads\/2024\/09\/Morandi-Bulk-Dinnerware-Modern-Design-Wholesale-Dinner-Sets-16-9x12.webp 9w, https:\/\/www.lovinghomecollection.com\/wp-content\/uploads\/2024\/09\/Morandi-Bulk-Dinnerware-Modern-Design-Wholesale-Dinner-Sets-16-1200x1627.webp 1200w, https:\/\/www.lovinghomecollection.com\/wp-content\/uploads\/2024\/09\/Morandi-Bulk-Dinnerware-Modern-Design-Wholesale-Dinner-Sets-16-600x813.webp 600w\" sizes=\"(max-width: 2962px) 100vw, 2962px\" \/><\/figure>\n<\/div>\n\n\n\n<div class=\"wp-block-column is-layout-flow wp-block-column-is-layout-flow\">\n<figure class=\"wp-block-image size-full\"><img decoding=\"async\" width=\"2962\" height=\"4015\" src=\"https:\/\/www.lovinghomecollection.com\/wp-content\/uploads\/2024\/09\/Morandi-Bulk-Dinnerware-Modern-Design-Wholesale-Dinner-Sets-15.webp\" alt=\"Morandi Bulk-Geschirr, Modernes Design Gro\u00dfhandel Abendessen-Sets (15)\" class=\"wp-image-1236\" srcset=\"https:\/\/www.lovinghomecollection.com\/wp-content\/uploads\/2024\/09\/Morandi-Bulk-Dinnerware-Modern-Design-Wholesale-Dinner-Sets-15.webp 2962w, https:\/\/www.lovinghomecollection.com\/wp-content\/uploads\/2024\/09\/Morandi-Bulk-Dinnerware-Modern-Design-Wholesale-Dinner-Sets-15-221x300.webp 221w, https:\/\/www.lovinghomecollection.com\/wp-content\/uploads\/2024\/09\/Morandi-Bulk-Dinnerware-Modern-Design-Wholesale-Dinner-Sets-15-768x1041.webp 768w, https:\/\/www.lovinghomecollection.com\/wp-content\/uploads\/2024\/09\/Morandi-Bulk-Dinnerware-Modern-Design-Wholesale-Dinner-Sets-15-9x12.webp 9w, https:\/\/www.lovinghomecollection.com\/wp-content\/uploads\/2024\/09\/Morandi-Bulk-Dinnerware-Modern-Design-Wholesale-Dinner-Sets-15-1200x1627.webp 1200w, https:\/\/www.lovinghomecollection.com\/wp-content\/uploads\/2024\/09\/Morandi-Bulk-Dinnerware-Modern-Design-Wholesale-Dinner-Sets-15-600x813.webp 600w\" sizes=\"(max-width: 2962px) 100vw, 2962px\" \/><\/figure>\n<\/div>\n<\/div>","protected":false},"excerpt":{"rendered":"<p>Willkommen zum Kauf von Gro\u00dfhandelsgeschirr. Diese Morandi-Farbgeschirrserie umfasst eine Vielzahl von Sch\u00fcsseln, Tellern und Utensilien. Sie ist in drei eleganten Farben erh\u00e4ltlich: beige, hellgr\u00fcn und rosa. Sie verbindet modernes Design mit Sch\u00f6nheit und Zweckm\u00e4\u00dfigkeit. Es besteht aus hochwertigem Keramikmaterial, das robust und langlebig ist. Es eignet sich f\u00fcr t\u00e4gliche Familienessen und Bankette und wertet den gesamten Stil des Esstisches auf.<\/p>\n<table style=\"border-collapse: collapse; width: 338.02pt;\" border=\"0\" width=\"338\" cellspacing=\"0\" cellpadding=\"0\">\n<tbody>\n<tr style=\"height: 18.00pt;\">\n<td class=\"et3\" style=\"height: 18.00pt; width: 124.50pt;\" width=\"124\" height=\"18\">Hersteller<\/td>\n<td class=\"et3\" style=\"width: 214.40pt;\" width=\"214\">Liebevolles Zuhause<\/td>\n<\/tr>\n<tr style=\"height: 18.00pt;\">\n<td class=\"et3\" style=\"height: 18.00pt; width: 124.50pt;\" width=\"124\" height=\"18\">Sammlung Name<\/td>\n<td class=\"et4\" style=\"width: 214.40pt;\" width=\"214\">Urban Fringe<\/td>\n<\/tr>\n<tr style=\"height: 18.00pt;\">\n<td class=\"et3\" style=\"height: 18.00pt; width: 124.50pt;\" width=\"124\" height=\"18\">Verwendung<\/td>\n<td class=\"et3\" style=\"width: 214.40pt;\" width=\"214\">Haus, Restaurant, Hotel<\/td>\n<\/tr>\n<tr style=\"height: 106.00pt;\">\n<td class=\"et3\" style=\"height: 106.00pt; width: 124.50pt;\" width=\"124\" height=\"106\">Essgeschirr Typ<\/td>\n<td class=\"et3\" style=\"width: 214.40pt;\" width=\"214\">Teekanne, Zuckertopf, Milchk\u00e4nnchen, Tasse und Untertasse, Becher, Teller, Sch\u00fcssel, Vorratsglas, Butterdose, K\u00e4sebrett, \u00d6lflasche, Olivenschale, Tapas-Set, Werkzeug, Halter, Kuchenst\u00e4nder, Eierbecher<\/td>\n<\/tr>\n<tr style=\"height: 18.00pt;\">\n<td class=\"et3\" style=\"height: 18.00pt; width: 124.50pt;\" width=\"124\" height=\"18\">Material<\/td>\n<td class=\"et3\" style=\"width: 214.40pt;\" width=\"214\">Dauerhaftes Porzellan<\/td>\n<\/tr>\n<tr style=\"height: 18.00pt;\">\n<td class=\"et3\" style=\"height: 18.00pt; width: 124.50pt;\" width=\"124\" height=\"18\">Dimension<\/td>\n<td class=\"et3\" style=\"width: 214.40pt;\" width=\"214\">Wie Detailbild<\/td>\n<\/tr>\n<tr style=\"height: 18.00pt;\">\n<td class=\"et3\" style=\"height: 18.00pt; width: 124.50pt;\" width=\"124\" height=\"18\">Verkaufende Einheiten<\/td>\n<td class=\"et3\" style=\"width: 214.40pt;\" width=\"214\">Einzelnes Element<\/td>\n<\/tr>\n<tr style=\"height: 18.00pt;\">\n<td class=\"et3\" style=\"height: 18.00pt; width: 124.50pt;\" width=\"124\" height=\"18\">MOQ<\/td>\n<td class=\"et3\" style=\"width: 214.40pt;\" width=\"214\">1200\/St\u00fcck pro Artikel<\/td>\n<\/tr>\n<tr style=\"height: 18.00pt;\">\n<td class=\"et3\" style=\"height: 18.00pt; width: 124.50pt;\" width=\"124\" height=\"18\">Kundenspezifische Option<\/td>\n<td class=\"et3\" style=\"width: 214.40pt;\" width=\"214\">Farbe\/Gr\u00f6\u00dfe\/Glasur\/Logo\/Verpackung<\/td>\n<\/tr>\n<\/tbody>\n<\/table>","protected":false},"featured_media":1222,"comment_status":"closed","ping_status":"closed","template":"","meta":{"_acf_changed":false},"product_brand":[],"product_cat":[19],"product_tag":[37,35,40,25,41,39,34,27,26],"class_list":{"0":"post-1220","1":"product","2":"type-product","3":"status-publish","4":"has-post-thumbnail","6":"product_cat-dinnerware-wholesale","7":"product_tag-bulk-cake-stands","8":"product_tag-wholesale-cheese-boards","9":"product_tag-oil-bottles-wholesale","10":"product_tag-wholesale-plates-and-bowls","11":"product_tag-salt-and-pepper-shakers-bulk","12":"product_tag-sugar-jars-wholesale","13":"product_tag-olive-oil-dipping-bowls-wholesale","14":"product_tag-wholesale-tea-cups-and-saucers","15":"product_tag-wholesale-teapots","17":"first","18":"instock","19":"shipping-taxable","20":"product-type-simple"},"acf":[],"_links":{"self":[{"href":"https:\/\/www.lovinghomecollection.com\/de\/wp-json\/wp\/v2\/product\/1220","targetHints":{"allow":["GET"]}}],"collection":[{"href":"https:\/\/www.lovinghomecollection.com\/de\/wp-json\/wp\/v2\/product"}],"about":[{"href":"https:\/\/www.lovinghomecollection.com\/de\/wp-json\/wp\/v2\/types\/product"}],"replies":[{"embeddable":true,"href":"https:\/\/www.lovinghomecollection.com\/de\/wp-json\/wp\/v2\/comments?post=1220"}],"wp:featuredmedia":[{"embeddable":true,"href":"https:\/\/www.lovinghomecollection.com\/de\/wp-json\/wp\/v2\/media\/1222"}],"wp:attachment":[{"href":"https:\/\/www.lovinghomecollection.com\/de\/wp-json\/wp\/v2\/media?parent=1220"}],"wp:term":[{"taxonomy":"product_brand","embeddable":true,"href":"https:\/\/www.lovinghomecollection.com\/de\/wp-json\/wp\/v2\/product_brand?post=1220"},{"taxonomy":"product_cat","embeddable":true,"href":"https:\/\/www.lovinghomecollection.com\/de\/wp-json\/wp\/v2\/product_cat?post=1220"},{"taxonomy":"product_tag","embeddable":true,"href":"https:\/\/www.lovinghomecollection.com\/de\/wp-json\/wp\/v2\/product_tag?post=1220"}],"curies":[{"name":"wp","href":"https:\/\/api.w.org\/{rel}","templated":true}]}}