{"id":1151,"date":"2024-09-19T02:30:19","date_gmt":"2024-09-19T02:30:19","guid":{"rendered":"https:\/\/www.lovinghomecollection.com\/?post_type=product&#038;p=1151"},"modified":"2025-09-18T06:44:40","modified_gmt":"2025-09-18T06:44:40","slug":"custom-dinnerware-set-bulk","status":"publish","type":"product","link":"https:\/\/www.lovinghomecollection.com\/de\/produkt\/custom-dinnerware-set-bulk\/","title":{"rendered":"Individuelles Geschirr-Set Bulk, wei\u00dfes Porzellan-Geschirr-Set mit gepr\u00e4gten Mustern"},"content":{"rendered":"<div class=\"wp-block-columns is-layout-flex wp-container-core-columns-is-layout-9d6595d7 wp-block-columns-is-layout-flex\">\n<div class=\"wp-block-column is-layout-flow wp-block-column-is-layout-flow\" style=\"flex-basis:60%\">\n<h2 class=\"wp-block-heading\">Premium Custom Dinnerware Set Bulk Merkmale:<\/h2>\n\n\n\n<ul class=\"wp-block-list\">\n<li><strong>Individuelles Design: <\/strong>Unser kundenspezifisches Geschirrset bietet eine Vielzahl von kundenspezifischen Dienstleistungen. Ob es Muster, Gr\u00f6\u00dfe oder Detaildesign ist, kann es nach Kundenwunsch angepasst werden, um sicherzustellen, dass jedes Set von Produkten einzigartig ist.<\/li>\n\n\n\n<li><strong>Die reine Sch\u00f6nheit pr\u00e4sentieren: <\/strong>Dieses gro\u00dfe Geschirrset ist aus hochwertigem wei\u00dfem Porzellan gefertigt, das eine reine und makellose wei\u00dfe Textur, einen zarten Glanz, eine angenehme Haptik, eine gute Lichtdurchl\u00e4ssigkeit und eine lange Lebensdauer aufweist, wodurch das Geschirr nicht nur sch\u00f6n, sondern auch praktisch ist.<\/li>\n\n\n\n<li><strong>Exquisites Pr\u00e4gemuster: <\/strong>Das gepr\u00e4gte Texturdesign auf unserem ma\u00dfgefertigten Geschirrset bulk ist einzigartig und exquisit, mit erlesenen Details, die den Menschen ein visuelles Vergn\u00fcgen wie ein Kunstwerk bereiten. Jedes St\u00fcck Geschirr enth\u00e4lt einzigartige Dekorativit\u00e4t, die den Grad der gesamten Essenserlebnis verbessert.<\/li>\n\n\n\n<li><strong>Geeignet f\u00fcr Gro\u00dfeink\u00e4ufe: <\/strong>Dieses Geschirrset ist f\u00fcr Gro\u00dfeink\u00e4ufe konzipiert und bietet eine gro\u00df angelegte Produktion und flexible Lieferketten, um eine schnelle Reaktion auf die Marktnachfrage zu gew\u00e4hrleisten. Es eignet sich besonders f\u00fcr den Bedarf von Hotels, Restaurants und gro\u00dfen gewerblichen Kunden.<\/li>\n<\/ul>\n<\/div>\n\n\n\n<div class=\"wp-block-column is-layout-flow wp-block-column-is-layout-flow\">\n<figure class=\"wp-block-image size-full\"><img decoding=\"async\" width=\"1200\" height=\"1200\" src=\"https:\/\/www.lovinghomecollection.com\/wp-content\/uploads\/2024\/09\/Custom-Dinnerware-Set-Bulk-White-Porcelain-Tableware-Set-With-Embossed-Patterns-4.webp\" alt=\"Custom Dinnerware Set Bulk, wei\u00dfes Porzellangeschirr mit gepr\u00e4gten Mustern (4)\" class=\"wp-image-1163\" srcset=\"https:\/\/www.lovinghomecollection.com\/wp-content\/uploads\/2024\/09\/Custom-Dinnerware-Set-Bulk-White-Porcelain-Tableware-Set-With-Embossed-Patterns-4.webp 1200w, https:\/\/www.lovinghomecollection.com\/wp-content\/uploads\/2024\/09\/Custom-Dinnerware-Set-Bulk-White-Porcelain-Tableware-Set-With-Embossed-Patterns-4-300x300.webp 300w, https:\/\/www.lovinghomecollection.com\/wp-content\/uploads\/2024\/09\/Custom-Dinnerware-Set-Bulk-White-Porcelain-Tableware-Set-With-Embossed-Patterns-4-150x150.webp 150w, https:\/\/www.lovinghomecollection.com\/wp-content\/uploads\/2024\/09\/Custom-Dinnerware-Set-Bulk-White-Porcelain-Tableware-Set-With-Embossed-Patterns-4-768x768.webp 768w, https:\/\/www.lovinghomecollection.com\/wp-content\/uploads\/2024\/09\/Custom-Dinnerware-Set-Bulk-White-Porcelain-Tableware-Set-With-Embossed-Patterns-4-12x12.webp 12w, https:\/\/www.lovinghomecollection.com\/wp-content\/uploads\/2024\/09\/Custom-Dinnerware-Set-Bulk-White-Porcelain-Tableware-Set-With-Embossed-Patterns-4-600x600.webp 600w, https:\/\/www.lovinghomecollection.com\/wp-content\/uploads\/2024\/09\/Custom-Dinnerware-Set-Bulk-White-Porcelain-Tableware-Set-With-Embossed-Patterns-4-100x100.webp 100w\" sizes=\"(max-width: 1200px) 100vw, 1200px\" \/><\/figure>\n<\/div>\n<\/div>\n\n\n\n<h2 class=\"wp-block-heading has-text-align-center\">Produktanzeige von Interior Life Style Custom Dinnerware Set Bulk<\/h2>\n\n\n\n<div class=\"wp-block-columns is-layout-flex wp-container-core-columns-is-layout-9d6595d7 wp-block-columns-is-layout-flex\">\n<div class=\"wp-block-column is-layout-flow wp-block-column-is-layout-flow\">\n<figure class=\"wp-block-image size-full\"><img decoding=\"async\" width=\"4134\" height=\"3225\" src=\"https:\/\/www.lovinghomecollection.com\/wp-content\/uploads\/2024\/09\/Custom-Dinnerware-Set-Bulk-White-Porcelain-Tableware-Set-With-Embossed-Patterns-10.webp\" alt=\"Individuelles Geschirr-Set Bulk, wei\u00dfes Porzellan-Geschirr-Set mit gepr\u00e4gten Mustern (10)\" class=\"wp-image-1169\" srcset=\"https:\/\/www.lovinghomecollection.com\/wp-content\/uploads\/2024\/09\/Custom-Dinnerware-Set-Bulk-White-Porcelain-Tableware-Set-With-Embossed-Patterns-10.webp 4134w, https:\/\/www.lovinghomecollection.com\/wp-content\/uploads\/2024\/09\/Custom-Dinnerware-Set-Bulk-White-Porcelain-Tableware-Set-With-Embossed-Patterns-10-300x234.webp 300w, https:\/\/www.lovinghomecollection.com\/wp-content\/uploads\/2024\/09\/Custom-Dinnerware-Set-Bulk-White-Porcelain-Tableware-Set-With-Embossed-Patterns-10-768x599.webp 768w, https:\/\/www.lovinghomecollection.com\/wp-content\/uploads\/2024\/09\/Custom-Dinnerware-Set-Bulk-White-Porcelain-Tableware-Set-With-Embossed-Patterns-10-15x12.webp 15w, https:\/\/www.lovinghomecollection.com\/wp-content\/uploads\/2024\/09\/Custom-Dinnerware-Set-Bulk-White-Porcelain-Tableware-Set-With-Embossed-Patterns-10-1200x936.webp 1200w, https:\/\/www.lovinghomecollection.com\/wp-content\/uploads\/2024\/09\/Custom-Dinnerware-Set-Bulk-White-Porcelain-Tableware-Set-With-Embossed-Patterns-10-600x468.webp 600w\" sizes=\"(max-width: 4134px) 100vw, 4134px\" \/><\/figure>\n<\/div>\n\n\n\n<div class=\"wp-block-column is-layout-flow wp-block-column-is-layout-flow\">\n<figure class=\"wp-block-image size-full\"><img decoding=\"async\" width=\"4134\" height=\"2748\" src=\"https:\/\/www.lovinghomecollection.com\/wp-content\/uploads\/2024\/09\/Custom-Dinnerware-Set-Bulk-White-Porcelain-Tableware-Set-With-Embossed-Patterns-9.webp\" alt=\"Individuelles Geschirr-Set Bulk, wei\u00dfes Porzellan-Geschirr-Set mit gepr\u00e4gten Mustern (9)\" class=\"wp-image-1168\" srcset=\"https:\/\/www.lovinghomecollection.com\/wp-content\/uploads\/2024\/09\/Custom-Dinnerware-Set-Bulk-White-Porcelain-Tableware-Set-With-Embossed-Patterns-9.webp 4134w, https:\/\/www.lovinghomecollection.com\/wp-content\/uploads\/2024\/09\/Custom-Dinnerware-Set-Bulk-White-Porcelain-Tableware-Set-With-Embossed-Patterns-9-300x199.webp 300w, https:\/\/www.lovinghomecollection.com\/wp-content\/uploads\/2024\/09\/Custom-Dinnerware-Set-Bulk-White-Porcelain-Tableware-Set-With-Embossed-Patterns-9-768x511.webp 768w, https:\/\/www.lovinghomecollection.com\/wp-content\/uploads\/2024\/09\/Custom-Dinnerware-Set-Bulk-White-Porcelain-Tableware-Set-With-Embossed-Patterns-9-18x12.webp 18w, https:\/\/www.lovinghomecollection.com\/wp-content\/uploads\/2024\/09\/Custom-Dinnerware-Set-Bulk-White-Porcelain-Tableware-Set-With-Embossed-Patterns-9-1200x798.webp 1200w, https:\/\/www.lovinghomecollection.com\/wp-content\/uploads\/2024\/09\/Custom-Dinnerware-Set-Bulk-White-Porcelain-Tableware-Set-With-Embossed-Patterns-9-600x399.webp 600w\" sizes=\"(max-width: 4134px) 100vw, 4134px\" \/><\/figure>\n<\/div>\n<\/div>","protected":false},"excerpt":{"rendered":"<p>Willkommen zum Kauf von Gro\u00dfgeschirr. Unsere kundenspezifischen Geschirrsets bestehen aus hochwertigem wei\u00dfem Porzellan, mit exquisiten Pr\u00e4gemustern auf der Oberfl\u00e4che, die eine einzigartige Design-Sch\u00f6nheit zeigen. Es unterst\u00fctzt die pers\u00f6nliche Anpassung an die Bed\u00fcrfnisse der verschiedenen Kunden und eignet sich f\u00fcr Gro\u00dfeink\u00e4ufe in Hotels, Restaurants und anderen Orten.<\/p>\n<table style=\"border-collapse: collapse; width: 338.02pt;\" border=\"0\" width=\"338\" cellspacing=\"0\" cellpadding=\"0\">\n<tbody>\n<tr style=\"height: 18.00pt;\">\n<td class=\"et3\" style=\"height: 18.00pt; width: 124.50pt;\" width=\"124\" height=\"18\">Hersteller<\/td>\n<td class=\"et3\" style=\"width: 214.40pt;\" width=\"214\">Liebevolles Zuhause<\/td>\n<\/tr>\n<tr style=\"height: 18.00pt;\">\n<td class=\"et3\" style=\"height: 18.00pt; width: 124.50pt;\" width=\"124\" height=\"18\">Sammlung Name<\/td>\n<td class=\"et4\" style=\"width: 214.40pt;\" width=\"214\">Interieur Lebensstil<\/td>\n<\/tr>\n<tr style=\"height: 18.00pt;\">\n<td class=\"et3\" style=\"height: 18.00pt; width: 124.50pt;\" width=\"124\" height=\"18\">Verwendung<\/td>\n<td class=\"et3\" style=\"width: 214.40pt;\" width=\"214\">Haus, Restaurant, Hotel<\/td>\n<\/tr>\n<tr style=\"height: 71.00pt;\">\n<td class=\"et3\" style=\"height: 71.00pt; width: 124.50pt;\" width=\"124\" height=\"71\">Essgeschirr Typ<\/td>\n<td class=\"et3\" style=\"width: 214.40pt;\" width=\"214\">Teekanne, Zuckertopf, Milchk\u00e4nnchen, Tasse &amp; Untertasse, Becher, Teller, Sch\u00fcssel, K\u00e4sebrett, Tapas-Set, Kuchenst\u00e4nder, \u00d6lflasche, Salz &amp; Pfeffer<\/td>\n<\/tr>\n<tr style=\"height: 18.00pt;\">\n<td class=\"et3\" style=\"height: 18.00pt; width: 124.50pt;\" width=\"124\" height=\"18\">Material<\/td>\n<td class=\"et3\" style=\"width: 214.40pt;\" width=\"214\">Dauerhaftes Porzellan<\/td>\n<\/tr>\n<tr style=\"height: 18.00pt;\">\n<td class=\"et3\" style=\"height: 18.00pt; width: 124.50pt;\" width=\"124\" height=\"18\">Dimension<\/td>\n<td class=\"et3\" style=\"width: 214.40pt;\" width=\"214\">Wie Detailbild<\/td>\n<\/tr>\n<tr style=\"height: 18.00pt;\">\n<td class=\"et3\" style=\"height: 18.00pt; width: 124.50pt;\" width=\"124\" height=\"18\">Verkaufende Einheiten<\/td>\n<td class=\"et3\" style=\"width: 214.40pt;\" width=\"214\">Einzelnes Element<\/td>\n<\/tr>\n<tr style=\"height: 18.00pt;\">\n<td class=\"et3\" style=\"height: 18.00pt; width: 124.50pt;\" width=\"124\" height=\"18\">MOQ<\/td>\n<td class=\"et3\" style=\"width: 214.40pt;\" width=\"214\">1200\/St\u00fcck pro Artikel<\/td>\n<\/tr>\n<tr style=\"height: 18.00pt;\">\n<td class=\"et3\" style=\"height: 18.00pt; width: 124.50pt;\" width=\"124\" height=\"18\">Kundenspezifische Option<\/td>\n<td class=\"et3\" style=\"width: 214.40pt;\" width=\"214\">Farbe\/Gr\u00f6\u00dfe\/Glasur\/Logo\/Verpackung<\/td>\n<\/tr>\n<\/tbody>\n<\/table>","protected":false},"featured_media":1160,"comment_status":"closed","ping_status":"closed","template":"","meta":{"_acf_changed":false},"product_brand":[],"product_cat":[19,49],"product_tag":[35,40,25,39,34,27,26],"class_list":{"0":"post-1151","1":"product","2":"type-product","3":"status-publish","4":"has-post-thumbnail","6":"product_cat-dinnerware-wholesale","7":"product_cat-wholesale-white-tableware","8":"product_tag-wholesale-cheese-boards","9":"product_tag-oil-bottles-wholesale","10":"product_tag-wholesale-plates-and-bowls","11":"product_tag-sugar-jars-wholesale","12":"product_tag-olive-oil-dipping-bowls-wholesale","13":"product_tag-wholesale-tea-cups-and-saucers","14":"product_tag-wholesale-teapots","16":"first","17":"instock","18":"shipping-taxable","19":"product-type-simple"},"acf":[],"_links":{"self":[{"href":"https:\/\/www.lovinghomecollection.com\/de\/wp-json\/wp\/v2\/product\/1151","targetHints":{"allow":["GET"]}}],"collection":[{"href":"https:\/\/www.lovinghomecollection.com\/de\/wp-json\/wp\/v2\/product"}],"about":[{"href":"https:\/\/www.lovinghomecollection.com\/de\/wp-json\/wp\/v2\/types\/product"}],"replies":[{"embeddable":true,"href":"https:\/\/www.lovinghomecollection.com\/de\/wp-json\/wp\/v2\/comments?post=1151"}],"wp:featuredmedia":[{"embeddable":true,"href":"https:\/\/www.lovinghomecollection.com\/de\/wp-json\/wp\/v2\/media\/1160"}],"wp:attachment":[{"href":"https:\/\/www.lovinghomecollection.com\/de\/wp-json\/wp\/v2\/media?parent=1151"}],"wp:term":[{"taxonomy":"product_brand","embeddable":true,"href":"https:\/\/www.lovinghomecollection.com\/de\/wp-json\/wp\/v2\/product_brand?post=1151"},{"taxonomy":"product_cat","embeddable":true,"href":"https:\/\/www.lovinghomecollection.com\/de\/wp-json\/wp\/v2\/product_cat?post=1151"},{"taxonomy":"product_tag","embeddable":true,"href":"https:\/\/www.lovinghomecollection.com\/de\/wp-json\/wp\/v2\/product_tag?post=1151"}],"curies":[{"name":"wp","href":"https:\/\/api.w.org\/{rel}","templated":true}]}}